{"id":339,"date":"2020-10-09T09:50:25","date_gmt":"2020-10-09T09:50:25","guid":{"rendered":"http:\/\/prawitz.de\/?page_id=339"},"modified":"2026-03-01T20:23:05","modified_gmt":"2026-03-01T20:23:05","slug":"ueber-mich","status":"publish","type":"page","link":"https:\/\/prawitz.de\/en\/ueber-mich\/","title":{"rendered":"\u00dcber mich"},"content":{"rendered":"<div data-elementor-type=\"wp-page\" data-elementor-id=\"339\" class=\"elementor elementor-339\" data-elementor-post-type=\"page\">\n\t\t\t\t<div class=\"elementor-element elementor-element-ab0e70e e-flex e-con-boxed elementor-invisible e-con e-parent\" data-id=\"ab0e70e\" data-element_type=\"container\" data-e-type=\"container\" data-settings=\"{&quot;animation&quot;:&quot;fadeIn&quot;}\">\n\t\t\t\t\t<div class=\"e-con-inner\">\n\t\t<div class=\"elementor-element elementor-element-b6677b7 e-flex e-con-boxed e-con e-child\" data-id=\"b6677b7\" data-element_type=\"container\" data-e-type=\"container\">\n\t\t\t\t\t<div class=\"e-con-inner\">\n\t\t\t\t<div class=\"elementor-element elementor-element-9038d11 elementor-widget elementor-widget-heading\" data-id=\"9038d11\" data-element_type=\"widget\" data-e-type=\"widget\" data-widget_type=\"heading.default\">\n\t\t\t\t<div class=\"elementor-widget-container\">\n\t\t\t\t\t<h1 class=\"elementor-heading-title elementor-size-default\">About me<\/h1>\t\t\t\t<\/div>\n\t\t\t\t<\/div>\n\t\t\t\t\t<\/div>\n\t\t\t\t<\/div>\n\t\t\t\t\t<\/div>\n\t\t\t\t<\/div>\n\t\t<div class=\"elementor-element elementor-element-61c327a e-flex e-con-boxed elementor-invisible e-con e-parent\" data-id=\"61c327a\" data-element_type=\"container\" data-e-type=\"container\" data-settings=\"{&quot;animation&quot;:&quot;fadeIn&quot;}\">\n\t\t\t\t\t<div class=\"e-con-inner\">\n\t\t<div class=\"elementor-element elementor-element-4a108a7 e-con-full e-flex e-con e-child\" data-id=\"4a108a7\" data-element_type=\"container\" data-e-type=\"container\">\n\t\t\t\t<div class=\"elementor-element elementor-element-0458572 elementor-widget elementor-widget-image\" data-id=\"0458572\" data-element_type=\"widget\" data-e-type=\"widget\" data-widget_type=\"image.default\">\n\t\t\t\t<div class=\"elementor-widget-container\">\n\t\t\t\t\t\t\t\t\t\t\t\t\t\t\t<img fetchpriority=\"high\" decoding=\"async\" width=\"922\" height=\"943\" src=\"https:\/\/prawitz.de\/wp-content\/uploads\/2022\/03\/20220220_171418_PS-01-e1647019469824.jpeg\" class=\"attachment-full size-full wp-image-3802\" alt=\"\" srcset=\"https:\/\/prawitz.de\/wp-content\/uploads\/2022\/03\/20220220_171418_PS-01-e1647019469824.jpeg 922w, https:\/\/prawitz.de\/wp-content\/uploads\/2022\/03\/20220220_171418_PS-01-e1647019469824-600x614.jpeg 600w, https:\/\/prawitz.de\/wp-content\/uploads\/2022\/03\/20220220_171418_PS-01-e1647019469824-293x300.jpeg 293w, https:\/\/prawitz.de\/wp-content\/uploads\/2022\/03\/20220220_171418_PS-01-e1647019469824-700x716.jpeg 700w, https:\/\/prawitz.de\/wp-content\/uploads\/2022\/03\/20220220_171418_PS-01-e1647019469824-768x785.jpeg 768w\" sizes=\"(max-width: 922px) 100vw, 922px\" \/>\t\t\t\t\t\t\t\t\t\t\t\t\t\t\t<\/div>\n\t\t\t\t<\/div>\n\t\t\t\t<\/div>\n\t\t<div class=\"elementor-element elementor-element-bab5915 e-con-full e-flex e-con e-child\" data-id=\"bab5915\" data-element_type=\"container\" data-e-type=\"container\">\n\t\t\t\t<div class=\"elementor-element elementor-element-b637970 elementor-widget elementor-widget-text-editor\" data-id=\"b637970\" data-element_type=\"widget\" data-e-type=\"widget\" data-widget_type=\"text-editor.default\">\n\t\t\t\t<div class=\"elementor-widget-container\">\n\t\t\t\t\t\t\t\t\t<p class=\"p1\"><span class=\"s1\">Photos have always shaped my life. <\/span><span class=\"s1\">Born in Coburg in 1970, I began my career with training in photography and continued working as a photographer in portrait studios for several years. After a stint at an animal magazine in Munich, I moved to Hamburg, where I initially worked as a freelance photographer but later switched to photo editing for print media. <\/span><\/p><p class=\"p1\"><span class=\"s1\">Nevertheless, I have never lost my love for my craft of photography. On the contrary: some time ago, I discovered my passion for nature photography. I am particularly captivated by the wonderful world of flowers. My favourite tool is my macro lens, which I use to capture the fine details that are often invisible to the naked eye, the beauty and uniqueness of our natural world in my photographs. My portfolio also includes some impressions from my travels in Iceland and Norway, my adopted home of Hamburg, and atmospheric moments that capture the tranquillity and vastness of the North German coast.<\/span><\/p>\t\t\t\t\t\t\t\t<\/div>\n\t\t\t\t<\/div>\n\t\t\t\t<\/div>\n\t\t\t\t\t<\/div>\n\t\t\t\t<\/div>\n\t\t<div class=\"elementor-element elementor-element-9fdba9d e-flex e-con-boxed elementor-invisible e-con e-parent\" data-id=\"9fdba9d\" data-element_type=\"container\" data-e-type=\"container\" data-settings=\"{&quot;animation&quot;:&quot;fadeIn&quot;}\">\n\t\t\t\t\t<div class=\"e-con-inner\">\n\t\t<div class=\"elementor-element elementor-element-58e32eb e-con-full e-flex e-con e-child\" data-id=\"58e32eb\" data-element_type=\"container\" data-e-type=\"container\">\n\t\t\t\t<div class=\"elementor-element elementor-element-319aafe elementor-widget elementor-widget-heading\" data-id=\"319aafe\" data-element_type=\"widget\" data-e-type=\"widget\" data-widget_type=\"heading.default\">\n\t\t\t\t<div class=\"elementor-widget-container\">\n\t\t\t\t\t<h2 class=\"elementor-heading-title elementor-size-default\">Follow me<\/h2>\t\t\t\t<\/div>\n\t\t\t\t<\/div>\n\t\t\t\t<div class=\"elementor-element elementor-element-d066014 elementor-shape-square elementor-grid-tablet-3 e-grid-align-tablet-center elementor-grid-0 e-grid-align-center elementor-widget elementor-widget-social-icons\" data-id=\"d066014\" data-element_type=\"widget\" data-e-type=\"widget\" data-widget_type=\"social-icons.default\">\n\t\t\t\t<div class=\"elementor-widget-container\">\n\t\t\t\t\t\t\t<div class=\"elementor-social-icons-wrapper elementor-grid\" role=\"list\">\n\t\t\t\t\t\t\t<span class=\"elementor-grid-item\" role=\"listitem\">\n\t\t\t\t\t<a class=\"elementor-icon elementor-social-icon elementor-social-icon-linkedin elementor-animation-grow elementor-repeater-item-16340e2\" href=\"http:\/\/www.linkedin.com\/in\/tatjana-prawitz-b9b5a1167\" target=\"_blank\">\n\t\t\t\t\t\t<span class=\"elementor-screen-only\">Linkedin<\/span>\n\t\t\t\t\t\t<i aria-hidden=\"true\" class=\"fab fa-linkedin\"><\/i>\t\t\t\t\t<\/a>\n\t\t\t\t<\/span>\n\t\t\t\t\t\t\t<span class=\"elementor-grid-item\" role=\"listitem\">\n\t\t\t\t\t<a class=\"elementor-icon elementor-social-icon elementor-social-icon-instagram elementor-animation-grow elementor-repeater-item-23c1d59\" href=\"https:\/\/www.instagram.com\/tatjanaprawitz\/\" target=\"_blank\" rel=\"nofollow\">\n\t\t\t\t\t\t<span class=\"elementor-screen-only\">Instagram<\/span>\n\t\t\t\t\t\t<i aria-hidden=\"true\" class=\"fab fa-instagram\"><\/i>\t\t\t\t\t<\/a>\n\t\t\t\t<\/span>\n\t\t\t\t\t\t\t<span class=\"elementor-grid-item\" role=\"listitem\">\n\t\t\t\t\t<a class=\"elementor-icon elementor-social-icon elementor-social-icon-xing elementor-animation-grow elementor-repeater-item-98823c5\" href=\"https:\/\/www.xing.com\/profile\/Tatjana_Prawitz\" target=\"_blank\">\n\t\t\t\t\t\t<span class=\"elementor-screen-only\">Xing<\/span>\n\t\t\t\t\t\t<i aria-hidden=\"true\" class=\"fab fa-xing\"><\/i>\t\t\t\t\t<\/a>\n\t\t\t\t<\/span>\n\t\t\t\t\t\t\t<span class=\"elementor-grid-item\" role=\"listitem\">\n\t\t\t\t\t<a class=\"elementor-icon elementor-social-icon elementor-social-icon-facebook elementor-animation-grow elementor-repeater-item-653425b\" href=\"https:\/\/www.facebook.com\/tatjana.prawitz\" target=\"_blank\" rel=\"nofollow noopener noreferrer\">\n\t\t\t\t\t\t<span class=\"elementor-screen-only\">Facebook<\/span>\n\t\t\t\t\t\t<i aria-hidden=\"true\" class=\"fab fa-facebook\"><\/i>\t\t\t\t\t<\/a>\n\t\t\t\t<\/span>\n\t\t\t\t\t<\/div>\n\t\t\t\t\t\t<\/div>\n\t\t\t\t<\/div>\n\t\t\t\t<\/div>\n\t\t\t\t\t<\/div>\n\t\t\t\t<\/div>\n\t\t<div class=\"elementor-element elementor-element-10f1c7c e-flex e-con-boxed elementor-invisible e-con e-parent\" data-id=\"10f1c7c\" data-element_type=\"container\" data-e-type=\"container\" data-settings=\"{&quot;animation&quot;:&quot;fadeIn&quot;}\">\n\t\t\t\t\t<div class=\"e-con-inner\">\n\t\t<div class=\"elementor-element elementor-element-2c6f9a8 e-con-full e-flex e-con e-child\" data-id=\"2c6f9a8\" data-element_type=\"container\" data-e-type=\"container\">\n\t\t<div class=\"elementor-element elementor-element-982307a e-con-full e-flex e-con e-child\" data-id=\"982307a\" data-element_type=\"container\" data-e-type=\"container\">\n\t\t\t\t<div class=\"elementor-element elementor-element-e31884d elementor-tablet-align-center elementor-align-center elementor-widget elementor-widget-button\" data-id=\"e31884d\" data-element_type=\"widget\" data-e-type=\"widget\" data-widget_type=\"button.default\">\n\t\t\t\t<div class=\"elementor-widget-container\">\n\t\t\t\t\t\t\t\t\t<div class=\"elementor-button-wrapper\">\n\t\t\t\t\t<a class=\"elementor-button elementor-button-link elementor-size-sm\" href=\"https:\/\/prawitz.de\/en\/fine-art-photography\/\" rel=\"nofollow\">\n\t\t\t\t\t\t<span class=\"elementor-button-content-wrapper\">\n\t\t\t\t\t\t<span class=\"elementor-button-icon\">\n\t\t\t\t<i aria-hidden=\"true\" class=\"fas fa-camera\"><\/i>\t\t\t<\/span>\n\t\t\t\t\t\t\t\t\t<span class=\"elementor-button-text\">Fine Art photography<\/span>\n\t\t\t\t\t<\/span>\n\t\t\t\t\t<\/a>\n\t\t\t\t<\/div>\n\t\t\t\t\t\t\t\t<\/div>\n\t\t\t\t<\/div>\n\t\t\t\t<\/div>\n\t\t<div class=\"elementor-element elementor-element-ba275da e-con-full e-flex e-con e-child\" data-id=\"ba275da\" data-element_type=\"container\" data-e-type=\"container\">\n\t\t\t\t<div class=\"elementor-element elementor-element-2e2278a elementor-tablet-align-center elementor-align-center elementor-widget elementor-widget-button\" data-id=\"2e2278a\" data-element_type=\"widget\" data-e-type=\"widget\" data-widget_type=\"button.default\">\n\t\t\t\t<div class=\"elementor-widget-container\">\n\t\t\t\t\t\t\t\t\t<div class=\"elementor-button-wrapper\">\n\t\t\t\t\t<a class=\"elementor-button elementor-button-link elementor-size-sm\" href=\"https:\/\/prawitz.de\/en\/bilder-shop\/\">\n\t\t\t\t\t\t<span class=\"elementor-button-content-wrapper\">\n\t\t\t\t\t\t<span class=\"elementor-button-icon\">\n\t\t\t\t<i aria-hidden=\"true\" class=\"fas fa-shopping-basket\"><\/i>\t\t\t<\/span>\n\t\t\t\t\t\t\t\t\t<span class=\"elementor-button-text\">to the shop<\/span>\n\t\t\t\t\t<\/span>\n\t\t\t\t\t<\/a>\n\t\t\t\t<\/div>\n\t\t\t\t\t\t\t\t<\/div>\n\t\t\t\t<\/div>\n\t\t\t\t<\/div>\n\t\t\t\t<\/div>\n\t\t\t\t\t<\/div>\n\t\t\t\t<\/div>\n\t\t<div class=\"elementor-element elementor-element-3273ce3 e-flex e-con-boxed e-con e-parent\" data-id=\"3273ce3\" data-element_type=\"container\" data-e-type=\"container\">\n\t\t\t\t\t<div class=\"e-con-inner\">\n\t\t<div class=\"elementor-element elementor-element-e247497 e-con-full e-flex e-con e-child\" data-id=\"e247497\" data-element_type=\"container\" data-e-type=\"container\">\n\t\t\t\t<div class=\"elementor-element elementor-element-824018a elementor-widget elementor-widget-spacer\" data-id=\"824018a\" data-element_type=\"widget\" data-e-type=\"widget\" data-widget_type=\"spacer.default\">\n\t\t\t\t<div class=\"elementor-widget-container\">\n\t\t\t\t\t\t\t<div class=\"elementor-spacer\">\n\t\t\t<div class=\"elementor-spacer-inner\"><\/div>\n\t\t<\/div>\n\t\t\t\t\t\t<\/div>\n\t\t\t\t<\/div>\n\t\t\t\t<\/div>\n\t\t\t\t\t<\/div>\n\t\t\t\t<\/div>\n\t\t\t\t<\/div>","protected":false},"excerpt":{"rendered":"<p>\u00dcber Mich Fotos pr\u00e4gten schon immer mein Leben. Geboren 1970 in Coburg, startete ich mit einer fotografischen Ausbildung, setzte meine berufliche Laufbahn mehrere Jahre als Fotografin in Portraitstudios fort. Nach einem Abstecher bei einem Tiermagazin in M\u00fcnchen zog es mich weiter nach Hamburg, wo ich zun\u00e4chst als freiberufliche Fotografin arbeitete, sp\u00e4ter jedoch ins Fach der [&hellip;]<\/p>\n","protected":false},"author":1,"featured_media":0,"parent":0,"menu_order":0,"comment_status":"closed","ping_status":"closed","template":"","meta":{"footnotes":""},"class_list":["post-339","page","type-page","status-publish","hentry"],"yoast_head":"<!-- This site is optimized with the Yoast SEO plugin v27.2 - https:\/\/yoast.com\/product\/yoast-seo-wordpress\/ -->\n<title>\u00dcber mich | Tatjana Prawitz | Fine Art Photography - Shop - Fotoredaktion<\/title>\n<meta name=\"description\" content=\"\u00dcber mich: Fotos pr\u00e4gten schon immer mein Leben. Neben meiner Arbeit als Fotoredakteurin, widme ich mich meiner Passion der Naturfotografie.\" \/>\n<meta name=\"robots\" content=\"index, follow, max-snippet:-1, max-image-preview:large, max-video-preview:-1\" \/>\n<link rel=\"canonical\" href=\"https:\/\/prawitz.de\/en\/ueber-mich\/\" \/>\n<meta property=\"og:locale\" content=\"en_GB\" \/>\n<meta property=\"og:type\" content=\"article\" \/>\n<meta property=\"og:title\" content=\"\u00dcber mich | Tatjana Prawitz | Fine Art Photography - Shop - Fotoredaktion\" \/>\n<meta property=\"og:description\" content=\"\u00dcber mich: Fotos pr\u00e4gten schon immer mein Leben. Neben meiner Arbeit als Fotoredakteurin, widme ich mich meiner Passion der Naturfotografie.\" \/>\n<meta property=\"og:url\" content=\"https:\/\/prawitz.de\/en\/ueber-mich\/\" \/>\n<meta property=\"og:site_name\" content=\"Tatjana Prawitz\" \/>\n<meta property=\"article:modified_time\" content=\"2026-03-01T20:23:05+00:00\" \/>\n<meta property=\"og:image\" content=\"https:\/\/prawitz.de\/wp-content\/uploads\/2022\/03\/20220220_171418_PS-01-e1647019469824.jpeg\" \/>\n\t<meta property=\"og:image:width\" content=\"922\" \/>\n\t<meta property=\"og:image:height\" content=\"943\" \/>\n\t<meta property=\"og:image:type\" content=\"image\/jpeg\" \/>\n<meta name=\"twitter:card\" content=\"summary_large_image\" \/>\n<meta name=\"twitter:label1\" content=\"Estimated reading time\" \/>\n\t<meta name=\"twitter:data1\" content=\"2 minutes\" \/>\n<script type=\"application\/ld+json\" class=\"yoast-schema-graph\">{\"@context\":\"https:\/\/schema.org\",\"@graph\":[{\"@type\":\"WebPage\",\"@id\":\"https:\/\/prawitz.de\/ueber-mich\/\",\"url\":\"https:\/\/prawitz.de\/ueber-mich\/\",\"name\":\"\u00dcber mich | Tatjana Prawitz | Fine Art Photography - Shop - Fotoredaktion\",\"isPartOf\":{\"@id\":\"https:\/\/prawitz.de\/#website\"},\"primaryImageOfPage\":{\"@id\":\"https:\/\/prawitz.de\/ueber-mich\/#primaryimage\"},\"image\":{\"@id\":\"https:\/\/prawitz.de\/ueber-mich\/#primaryimage\"},\"thumbnailUrl\":\"https:\/\/prawitz.de\/wp-content\/uploads\/2022\/03\/20220220_171418_PS-01-e1647019469824.jpeg\",\"datePublished\":\"2020-10-09T09:50:25+00:00\",\"dateModified\":\"2026-03-01T20:23:05+00:00\",\"description\":\"\u00dcber mich: Fotos pr\u00e4gten schon immer mein Leben. Neben meiner Arbeit als Fotoredakteurin, widme ich mich meiner Passion der Naturfotografie.\",\"breadcrumb\":{\"@id\":\"https:\/\/prawitz.de\/ueber-mich\/#breadcrumb\"},\"inLanguage\":\"en-GB\",\"potentialAction\":[{\"@type\":\"ReadAction\",\"target\":[\"https:\/\/prawitz.de\/ueber-mich\/\"]}]},{\"@type\":\"ImageObject\",\"inLanguage\":\"en-GB\",\"@id\":\"https:\/\/prawitz.de\/ueber-mich\/#primaryimage\",\"url\":\"https:\/\/prawitz.de\/wp-content\/uploads\/2022\/03\/20220220_171418_PS-01-e1647019469824.jpeg\",\"contentUrl\":\"https:\/\/prawitz.de\/wp-content\/uploads\/2022\/03\/20220220_171418_PS-01-e1647019469824.jpeg\"},{\"@type\":\"BreadcrumbList\",\"@id\":\"https:\/\/prawitz.de\/ueber-mich\/#breadcrumb\",\"itemListElement\":[{\"@type\":\"ListItem\",\"position\":1,\"name\":\"Startseite\",\"item\":\"https:\/\/prawitz.de\/\"},{\"@type\":\"ListItem\",\"position\":2,\"name\":\"\u00dcber mich\"}]},{\"@type\":\"WebSite\",\"@id\":\"https:\/\/prawitz.de\/#website\",\"url\":\"https:\/\/prawitz.de\/\",\"name\":\"Tatjana Prawitz\",\"description\":\"Fine Art Photography\",\"publisher\":{\"@id\":\"https:\/\/prawitz.de\/#organization\"},\"potentialAction\":[{\"@type\":\"SearchAction\",\"target\":{\"@type\":\"EntryPoint\",\"urlTemplate\":\"https:\/\/prawitz.de\/?s={search_term_string}\"},\"query-input\":{\"@type\":\"PropertyValueSpecification\",\"valueRequired\":true,\"valueName\":\"search_term_string\"}}],\"inLanguage\":\"en-GB\"},{\"@type\":\"Organization\",\"@id\":\"https:\/\/prawitz.de\/#organization\",\"name\":\"Tatjana Prawitz\",\"url\":\"https:\/\/prawitz.de\/\",\"logo\":{\"@type\":\"ImageObject\",\"inLanguage\":\"en-GB\",\"@id\":\"https:\/\/prawitz.de\/#\/schema\/logo\/image\/\",\"url\":\"https:\/\/prawitz.de\/wp-content\/uploads\/2020\/09\/Josefin-Sans_regular.png\",\"contentUrl\":\"https:\/\/prawitz.de\/wp-content\/uploads\/2020\/09\/Josefin-Sans_regular.png\",\"width\":1600,\"height\":230,\"caption\":\"Tatjana Prawitz\"},\"image\":{\"@id\":\"https:\/\/prawitz.de\/#\/schema\/logo\/image\/\"}}]}<\/script>\n<!-- \/ Yoast SEO plugin. -->","yoast_head_json":{"title":"\u00dcber mich | Tatjana Prawitz | Fine Art Photography - Shop - Fotoredaktion","description":"\u00dcber mich: Fotos pr\u00e4gten schon immer mein Leben. Neben meiner Arbeit als Fotoredakteurin, widme ich mich meiner Passion der Naturfotografie.","robots":{"index":"index","follow":"follow","max-snippet":"max-snippet:-1","max-image-preview":"max-image-preview:large","max-video-preview":"max-video-preview:-1"},"canonical":"https:\/\/prawitz.de\/en\/ueber-mich\/","og_locale":"en_GB","og_type":"article","og_title":"\u00dcber mich | Tatjana Prawitz | Fine Art Photography - Shop - Fotoredaktion","og_description":"\u00dcber mich: Fotos pr\u00e4gten schon immer mein Leben. Neben meiner Arbeit als Fotoredakteurin, widme ich mich meiner Passion der Naturfotografie.","og_url":"https:\/\/prawitz.de\/en\/ueber-mich\/","og_site_name":"Tatjana Prawitz","article_modified_time":"2026-03-01T20:23:05+00:00","og_image":[{"width":922,"height":943,"url":"https:\/\/prawitz.de\/wp-content\/uploads\/2022\/03\/20220220_171418_PS-01-e1647019469824.jpeg","type":"image\/jpeg"}],"twitter_card":"summary_large_image","twitter_misc":{"Estimated reading time":"2 minutes"},"schema":{"@context":"https:\/\/schema.org","@graph":[{"@type":"WebPage","@id":"https:\/\/prawitz.de\/ueber-mich\/","url":"https:\/\/prawitz.de\/ueber-mich\/","name":"\u00dcber mich | Tatjana Prawitz | Fine Art Photography - Shop - Fotoredaktion","isPartOf":{"@id":"https:\/\/prawitz.de\/#website"},"primaryImageOfPage":{"@id":"https:\/\/prawitz.de\/ueber-mich\/#primaryimage"},"image":{"@id":"https:\/\/prawitz.de\/ueber-mich\/#primaryimage"},"thumbnailUrl":"https:\/\/prawitz.de\/wp-content\/uploads\/2022\/03\/20220220_171418_PS-01-e1647019469824.jpeg","datePublished":"2020-10-09T09:50:25+00:00","dateModified":"2026-03-01T20:23:05+00:00","description":"\u00dcber mich: Fotos pr\u00e4gten schon immer mein Leben. Neben meiner Arbeit als Fotoredakteurin, widme ich mich meiner Passion der Naturfotografie.","breadcrumb":{"@id":"https:\/\/prawitz.de\/ueber-mich\/#breadcrumb"},"inLanguage":"en-GB","potentialAction":[{"@type":"ReadAction","target":["https:\/\/prawitz.de\/ueber-mich\/"]}]},{"@type":"ImageObject","inLanguage":"en-GB","@id":"https:\/\/prawitz.de\/ueber-mich\/#primaryimage","url":"https:\/\/prawitz.de\/wp-content\/uploads\/2022\/03\/20220220_171418_PS-01-e1647019469824.jpeg","contentUrl":"https:\/\/prawitz.de\/wp-content\/uploads\/2022\/03\/20220220_171418_PS-01-e1647019469824.jpeg"},{"@type":"BreadcrumbList","@id":"https:\/\/prawitz.de\/ueber-mich\/#breadcrumb","itemListElement":[{"@type":"ListItem","position":1,"name":"Startseite","item":"https:\/\/prawitz.de\/"},{"@type":"ListItem","position":2,"name":"\u00dcber mich"}]},{"@type":"WebSite","@id":"https:\/\/prawitz.de\/#website","url":"https:\/\/prawitz.de\/","name":"Tatjana Prawitz","description":"Fine Art Photography","publisher":{"@id":"https:\/\/prawitz.de\/#organization"},"potentialAction":[{"@type":"SearchAction","target":{"@type":"EntryPoint","urlTemplate":"https:\/\/prawitz.de\/?s={search_term_string}"},"query-input":{"@type":"PropertyValueSpecification","valueRequired":true,"valueName":"search_term_string"}}],"inLanguage":"en-GB"},{"@type":"Organization","@id":"https:\/\/prawitz.de\/#organization","name":"Tatjana Prawitz","url":"https:\/\/prawitz.de\/","logo":{"@type":"ImageObject","inLanguage":"en-GB","@id":"https:\/\/prawitz.de\/#\/schema\/logo\/image\/","url":"https:\/\/prawitz.de\/wp-content\/uploads\/2020\/09\/Josefin-Sans_regular.png","contentUrl":"https:\/\/prawitz.de\/wp-content\/uploads\/2020\/09\/Josefin-Sans_regular.png","width":1600,"height":230,"caption":"Tatjana Prawitz"},"image":{"@id":"https:\/\/prawitz.de\/#\/schema\/logo\/image\/"}}]}},"_links":{"self":[{"href":"https:\/\/prawitz.de\/en\/wp-json\/wp\/v2\/pages\/339","targetHints":{"allow":["GET"]}}],"collection":[{"href":"https:\/\/prawitz.de\/en\/wp-json\/wp\/v2\/pages"}],"about":[{"href":"https:\/\/prawitz.de\/en\/wp-json\/wp\/v2\/types\/page"}],"author":[{"embeddable":true,"href":"https:\/\/prawitz.de\/en\/wp-json\/wp\/v2\/users\/1"}],"replies":[{"embeddable":true,"href":"https:\/\/prawitz.de\/en\/wp-json\/wp\/v2\/comments?post=339"}],"version-history":[{"count":316,"href":"https:\/\/prawitz.de\/en\/wp-json\/wp\/v2\/pages\/339\/revisions"}],"predecessor-version":[{"id":28932,"href":"https:\/\/prawitz.de\/en\/wp-json\/wp\/v2\/pages\/339\/revisions\/28932"}],"wp:attachment":[{"href":"https:\/\/prawitz.de\/en\/wp-json\/wp\/v2\/media?parent=339"}],"curies":[{"name":"wp","href":"https:\/\/api.w.org\/{rel}","templated":true}]}}