{"id":29097,"date":"2026-03-06T18:33:24","date_gmt":"2026-03-06T18:33:24","guid":{"rendered":"https:\/\/prawitz.de\/?page_id=29097"},"modified":"2026-03-20T10:25:23","modified_gmt":"2026-03-20T10:25:23","slug":"blumen-bilder-objektrahmen-kaufen","status":"publish","type":"page","link":"https:\/\/prawitz.de\/en\/blumen-bilder-objektrahmen-kaufen\/","title":{"rendered":"Bilder-Shop | Objektrahmen"},"content":{"rendered":"\t\t<div data-elementor-type=\"wp-page\" data-elementor-id=\"29097\" class=\"elementor elementor-29097\" data-elementor-post-type=\"page\">\n\t\t\t\t<div class=\"elementor-element elementor-element-cb2bdae e-flex e-con-boxed elementor-invisible e-con e-parent\" data-id=\"cb2bdae\" data-element_type=\"container\" data-e-type=\"container\" data-settings=\"{&quot;animation&quot;:&quot;fadeIn&quot;}\">\n\t\t\t\t\t<div class=\"e-con-inner\">\n\t\t<div class=\"elementor-element elementor-element-015b506 e-flex e-con-boxed e-con e-child\" data-id=\"015b506\" data-element_type=\"container\" data-e-type=\"container\">\n\t\t\t\t\t<div class=\"e-con-inner\">\n\t\t\t\t<div class=\"elementor-element elementor-element-0e97a58 elementor-widget elementor-widget-heading\" data-id=\"0e97a58\" data-element_type=\"widget\" data-e-type=\"widget\" data-widget_type=\"heading.default\">\n\t\t\t\t<div class=\"elementor-widget-container\">\n\t\t\t\t\t<h1 class=\"elementor-heading-title elementor-size-default\">BLUMENBILDER IM OBJEKTRAHMEN<\/h1>\t\t\t\t<\/div>\n\t\t\t\t<\/div>\n\t\t\t\t\t<\/div>\n\t\t\t\t<\/div>\n\t\t\t\t\t<\/div>\n\t\t\t\t<\/div>\n\t\t<div class=\"elementor-element elementor-element-4aa785a e-flex e-con-boxed elementor-invisible e-con e-parent\" data-id=\"4aa785a\" data-element_type=\"container\" data-e-type=\"container\" data-settings=\"{&quot;animation&quot;:&quot;fadeIn&quot;}\">\n\t\t\t\t\t<div class=\"e-con-inner\">\n\t\t<div class=\"elementor-element elementor-element-9f43ec8 e-flex e-con-boxed e-con e-child\" data-id=\"9f43ec8\" data-element_type=\"container\" data-e-type=\"container\">\n\t\t\t\t\t<div class=\"e-con-inner\">\n\t\t\t\t<div class=\"elementor-element elementor-element-b871e8d elementor-widget elementor-widget-heading\" data-id=\"b871e8d\" data-element_type=\"widget\" data-e-type=\"widget\" data-widget_type=\"heading.default\">\n\t\t\t\t<div class=\"elementor-widget-container\">\n\t\t\t\t\t<h2 class=\"elementor-heading-title elementor-size-default\">Blumenbilder im Objektrahmen kaufen \u2013 filigrane Bl\u00fctenkunst, die zu schweben scheint<\/h2>\t\t\t\t<\/div>\n\t\t\t\t<\/div>\n\t\t\t\t\t<\/div>\n\t\t\t\t<\/div>\n\t\t\t\t\t<\/div>\n\t\t\t\t<\/div>\n\t\t<div class=\"elementor-element elementor-element-657d6e8 e-flex e-con-boxed elementor-invisible e-con e-parent\" data-id=\"657d6e8\" data-element_type=\"container\" data-e-type=\"container\" data-settings=\"{&quot;animation&quot;:&quot;fadeIn&quot;}\">\n\t\t\t\t\t<div class=\"e-con-inner\">\n\t\t<div class=\"elementor-element elementor-element-e6ed1a3 e-flex e-con-boxed e-con e-child\" data-id=\"e6ed1a3\" data-element_type=\"container\" data-e-type=\"container\">\n\t\t\t\t\t<div class=\"e-con-inner\">\n\t\t\t\t<div class=\"elementor-element elementor-element-38cad97 elementor-widget elementor-widget-text-editor\" data-id=\"38cad97\" data-element_type=\"widget\" data-e-type=\"widget\" data-widget_type=\"text-editor.default\">\n\t\t\t\t<div class=\"elementor-widget-container\">\n\t\t\t\t\t\t\t\t\t<div class=\"prose dark:prose-invert inline leading-relaxed break-words min-w-0 [word-break:break-word] prose-strong:font-bold [&amp;_&gt;*:first-child]:mt-0 [&amp;_&gt;*:last-child]:mb-0\"><p class=\"my-2 [&amp;+p]:mt-4 [&amp;_strong:has(+br)]:inline-block [&amp;_strong:has(+br)]:pb-2\">Das Blumenmotiv ist mit Abstand zur R\u00fcckwand befestigt, wodurch ein zarter 3D-Effekt entsteht, der dem Objekt Tiefe und der Bl\u00fcte Leichtigkeit verleiht. Die handgefertigten Blumenbilder im Objektrahmen k\u00f6nnen Sie aufstellen oder an die Wand h\u00e4ngen \u2013 als stilvolle Deko f\u00fcr Zuhause oder als liebevolle Geschenkidee f\u00fcr einen besonderen Menschen.<\/p><\/div>\t\t\t\t\t\t\t\t<\/div>\n\t\t\t\t<\/div>\n\t\t\t\t\t<\/div>\n\t\t\t\t<\/div>\n\t\t\t\t\t<\/div>\n\t\t\t\t<\/div>\n\t\t<div class=\"elementor-element elementor-element-095db81 e-grid e-con-boxed elementor-invisible e-con e-parent\" data-id=\"095db81\" data-element_type=\"container\" data-e-type=\"container\" data-settings=\"{&quot;animation&quot;:&quot;fadeIn&quot;}\">\n\t\t\t\t\t<div class=\"e-con-inner\">\n\t\t<div class=\"elementor-element elementor-element-fa0403e e-con-full e-flex e-con e-child\" data-id=\"fa0403e\" data-element_type=\"container\" data-e-type=\"container\">\n\t\t\t\t<div class=\"elementor-element elementor-element-026e4bb elementor-widget elementor-widget-image\" data-id=\"026e4bb\" data-element_type=\"widget\" data-e-type=\"widget\" data-widget_type=\"image.default\">\n\t\t\t\t<div class=\"elementor-widget-container\">\n\t\t\t\t\t\t\t\t\t\t\t\t<figure class=\"wp-caption\">\n\t\t\t\t\t\t\t\t\t\t<img fetchpriority=\"high\" decoding=\"async\" width=\"700\" height=\"500\" src=\"https:\/\/prawitz.de\/wp-content\/uploads\/2026\/03\/IMG_2458_1000px-700x500.jpg\" class=\"attachment-large size-large wp-image-29099\" alt=\"Blumen Bilder Objektrahmen kaufen von Tatjana Prawitz\" srcset=\"https:\/\/prawitz.de\/wp-content\/uploads\/2026\/03\/IMG_2458_1000px-700x500.jpg 700w, https:\/\/prawitz.de\/wp-content\/uploads\/2026\/03\/IMG_2458_1000px-300x214.jpg 300w, https:\/\/prawitz.de\/wp-content\/uploads\/2026\/03\/IMG_2458_1000px-768x548.jpg 768w, https:\/\/prawitz.de\/wp-content\/uploads\/2026\/03\/IMG_2458_1000px-18x12.jpg 18w, https:\/\/prawitz.de\/wp-content\/uploads\/2026\/03\/IMG_2458_1000px-600x428.jpg 600w, https:\/\/prawitz.de\/wp-content\/uploads\/2026\/03\/IMG_2458_1000px.jpg 1000w\" sizes=\"(max-width: 700px) 100vw, 700px\" \/>\t\t\t\t\t\t\t\t\t\t\t<figcaption class=\"widget-image-caption wp-caption-text\"><\/figcaption>\n\t\t\t\t\t\t\t\t\t\t<\/figure>\n\t\t\t\t\t\t\t\t\t<\/div>\n\t\t\t\t<\/div>\n\t\t\t\t<\/div>\n\t\t<div class=\"elementor-element elementor-element-d4b1f65 e-con-full e-flex e-con e-child\" data-id=\"d4b1f65\" data-element_type=\"container\" data-e-type=\"container\">\n\t\t\t\t<div class=\"elementor-element elementor-element-2b9f428 elementor-widget elementor-widget-text-editor\" data-id=\"2b9f428\" data-element_type=\"widget\" data-e-type=\"widget\" data-widget_type=\"text-editor.default\">\n\t\t\t\t<div class=\"elementor-widget-container\">\n\t\t\t\t\t\t\t\t\t<p>Das Blumenbild im Format 9 x 9 cm wird auf hochwertigem, mattem Hahnem\u00fchle Fineart-Papier gedruckt und \u00fcberzeugt durch hohe Farbbrillanz und eine edle, samtige Oberfl\u00e4che.<\/p><p>Der wei\u00dfe, tiefe Objektrahmen (15 x 15 cm) aus MDF Material mit einer sicheren und leichten Echtglasscheibe setzt das Bild modern und zugleich zeitlos in Szene.\u00a0<\/p>\t\t\t\t\t\t\t\t<\/div>\n\t\t\t\t<\/div>\n\t\t\t\t<div class=\"elementor-element elementor-element-de2ca61 elementor-align-center animated-fast elementor-widget elementor-widget-button\" data-id=\"de2ca61\" data-element_type=\"widget\" data-e-type=\"widget\" data-settings=\"{&quot;_animation&quot;:&quot;none&quot;}\" data-widget_type=\"button.default\">\n\t\t\t\t<div class=\"elementor-widget-container\">\n\t\t\t\t\t\t\t\t\t<div class=\"elementor-button-wrapper\">\n\t\t\t\t\t<a class=\"elementor-button elementor-button-link elementor-size-sm elementor-animation-shrink\" href=\"https:\/\/prawitz.de\/shop\/objektrahmen-001\/\">\n\t\t\t\t\t\t<span class=\"elementor-button-content-wrapper\">\n\t\t\t\t\t\t\t\t\t<span class=\"elementor-button-text\">Jetzt shoppen<\/span>\n\t\t\t\t\t<\/span>\n\t\t\t\t\t<\/a>\n\t\t\t\t<\/div>\n\t\t\t\t\t\t\t\t<\/div>\n\t\t\t\t<\/div>\n\t\t\t\t<\/div>\n\t\t\t\t\t<\/div>\n\t\t\t\t<\/div>\n\t\t<div class=\"elementor-element elementor-element-41ee1a7 e-flex e-con-boxed e-con e-parent\" data-id=\"41ee1a7\" data-element_type=\"container\" data-e-type=\"container\">\n\t\t\t\t\t<div class=\"e-con-inner\">\n\t\t<div class=\"elementor-element elementor-element-15cca82 e-con-full e-flex e-con e-child\" data-id=\"15cca82\" data-element_type=\"container\" data-e-type=\"container\">\n\t\t<div class=\"elementor-element elementor-element-2f900a8 e-con-full e-flex e-con e-child\" data-id=\"2f900a8\" data-element_type=\"container\" data-e-type=\"container\">\n\t\t\t\t<div class=\"elementor-element elementor-element-b940ba5 elementor-tablet-align-center elementor-align-center elementor-widget elementor-widget-button\" data-id=\"b940ba5\" data-element_type=\"widget\" data-e-type=\"widget\" data-widget_type=\"button.default\">\n\t\t\t\t<div class=\"elementor-widget-container\">\n\t\t\t\t\t\t\t\t\t<div class=\"elementor-button-wrapper\">\n\t\t\t\t\t<a class=\"elementor-button elementor-button-link elementor-size-sm\" href=\"https:\/\/prawitz.de\/bilder-shop\" rel=\"nofollow\">\n\t\t\t\t\t\t<span class=\"elementor-button-content-wrapper\">\n\t\t\t\t\t\t<span class=\"elementor-button-icon\">\n\t\t\t\t<i aria-hidden=\"true\" class=\"fas fa-arrow-left\"><\/i>\t\t\t<\/span>\n\t\t\t\t\t\t\t\t\t<span class=\"elementor-button-text\">zur\u00fcck<\/span>\n\t\t\t\t\t<\/span>\n\t\t\t\t\t<\/a>\n\t\t\t\t<\/div>\n\t\t\t\t\t\t\t\t<\/div>\n\t\t\t\t<\/div>\n\t\t\t\t<\/div>\n\t\t<div class=\"elementor-element elementor-element-bc041ad e-con-full e-flex e-con e-child\" data-id=\"bc041ad\" data-element_type=\"container\" data-e-type=\"container\">\n\t\t\t\t<div class=\"elementor-element elementor-element-6c9dc86 elementor-tablet-align-center elementor-align-center elementor-widget elementor-widget-button\" data-id=\"6c9dc86\" data-element_type=\"widget\" data-e-type=\"widget\" data-widget_type=\"button.default\">\n\t\t\t\t<div class=\"elementor-widget-container\">\n\t\t\t\t\t\t\t\t\t<div class=\"elementor-button-wrapper\">\n\t\t\t\t\t<a class=\"elementor-button elementor-button-link elementor-size-sm\" href=\"https:\/\/www.instagram.com\/tatjanaprawitz\/\" target=\"_blank\">\n\t\t\t\t\t\t<span class=\"elementor-button-content-wrapper\">\n\t\t\t\t\t\t<span class=\"elementor-button-icon\">\n\t\t\t\t<i aria-hidden=\"true\" class=\"fab fa-instagram\"><\/i>\t\t\t<\/span>\n\t\t\t\t\t\t\t\t\t<span class=\"elementor-button-text\">Follow me<\/span>\n\t\t\t\t\t<\/span>\n\t\t\t\t\t<\/a>\n\t\t\t\t<\/div>\n\t\t\t\t\t\t\t\t<\/div>\n\t\t\t\t<\/div>\n\t\t\t\t<\/div>\n\t\t\t\t<\/div>\n\t\t\t\t\t<\/div>\n\t\t\t\t<\/div>\n\t\t<div class=\"elementor-element elementor-element-4c05738 e-flex e-con-boxed e-con e-parent\" data-id=\"4c05738\" data-element_type=\"container\" data-e-type=\"container\">\n\t\t\t\t\t<div class=\"e-con-inner\">\n\t\t\t\t<div class=\"elementor-element elementor-element-a3f1240 elementor-widget elementor-widget-spacer\" data-id=\"a3f1240\" data-element_type=\"widget\" data-e-type=\"widget\" data-widget_type=\"spacer.default\">\n\t\t\t\t<div class=\"elementor-widget-container\">\n\t\t\t\t\t\t\t<div class=\"elementor-spacer\">\n\t\t\t<div class=\"elementor-spacer-inner\"><\/div>\n\t\t<\/div>\n\t\t\t\t\t\t<\/div>\n\t\t\t\t<\/div>\n\t\t\t\t\t<\/div>\n\t\t\t\t<\/div>\n\t\t\t\t<\/div>\n\t\t","protected":false},"excerpt":{"rendered":"<p>BLUMENBILDER IM OBJEKTRAHMEN Blumenbilder im Objektrahmen kaufen \u2013 filigrane Bl\u00fctenkunst, die zu schweben scheint Das Blumenmotiv ist mit Abstand zur R\u00fcckwand befestigt, wodurch ein zarter 3D-Effekt entsteht, der dem Objekt Tiefe und der Bl\u00fcte Leichtigkeit verleiht. Die handgefertigten Blumenbilder im Objektrahmen k\u00f6nnen Sie aufstellen oder an die Wand h\u00e4ngen \u2013 als stilvolle Deko f\u00fcr Zuhause [&hellip;]<\/p>\n","protected":false},"author":1,"featured_media":0,"parent":0,"menu_order":0,"comment_status":"closed","ping_status":"closed","template":"","meta":{"footnotes":""},"class_list":["post-29097","page","type-page","status-publish","hentry"],"yoast_head":"<!-- This site is optimized with the Yoast SEO plugin v27.2 - https:\/\/yoast.com\/product\/yoast-seo-wordpress\/ -->\n<title>Blumen Bilder Objektrahmen kaufen | Tatjana Prawitz<\/title>\n<meta name=\"description\" content=\"Blumen Bilder im Objektrahmen kaufen: Schwebende Bl\u00fctenkunst, gedruckt auf Hahnem\u00fchle-Papier \u2013 als Deko oder Geschenk. Jetzt bestellen!\" \/>\n<meta name=\"robots\" content=\"index, follow, max-snippet:-1, max-image-preview:large, max-video-preview:-1\" \/>\n<link rel=\"canonical\" href=\"https:\/\/prawitz.de\/en\/blumen-bilder-objektrahmen-kaufen\/\" \/>\n<meta property=\"og:locale\" content=\"en_GB\" \/>\n<meta property=\"og:type\" content=\"article\" \/>\n<meta property=\"og:title\" content=\"Blumen Bilder Objektrahmen kaufen | Tatjana Prawitz\" \/>\n<meta property=\"og:description\" content=\"Blumen Bilder im Objektrahmen kaufen: Schwebende Bl\u00fctenkunst, gedruckt auf Hahnem\u00fchle-Papier \u2013 als Deko oder Geschenk. Jetzt bestellen!\" \/>\n<meta property=\"og:url\" content=\"https:\/\/prawitz.de\/en\/blumen-bilder-objektrahmen-kaufen\/\" \/>\n<meta property=\"og:site_name\" content=\"Tatjana Prawitz\" \/>\n<meta property=\"article:modified_time\" content=\"2026-03-20T10:25:23+00:00\" \/>\n<meta property=\"og:image\" content=\"https:\/\/prawitz.de\/wp-content\/uploads\/2026\/03\/IMG_2458_1000px.jpg\" \/>\n\t<meta property=\"og:image:width\" content=\"1000\" \/>\n\t<meta property=\"og:image:height\" content=\"714\" \/>\n\t<meta property=\"og:image:type\" content=\"image\/jpeg\" \/>\n<meta name=\"twitter:card\" content=\"summary_large_image\" \/>\n<meta name=\"twitter:label1\" content=\"Estimated reading time\" \/>\n\t<meta name=\"twitter:data1\" content=\"1 minute\" \/>\n<script type=\"application\/ld+json\" class=\"yoast-schema-graph\">{\"@context\":\"https:\/\/schema.org\",\"@graph\":[{\"@type\":\"WebPage\",\"@id\":\"https:\/\/prawitz.de\/blumen-bilder-objektrahmen-kaufen\/\",\"url\":\"https:\/\/prawitz.de\/blumen-bilder-objektrahmen-kaufen\/\",\"name\":\"Blumen Bilder Objektrahmen kaufen | Tatjana Prawitz\",\"isPartOf\":{\"@id\":\"https:\/\/prawitz.de\/#website\"},\"primaryImageOfPage\":{\"@id\":\"https:\/\/prawitz.de\/blumen-bilder-objektrahmen-kaufen\/#primaryimage\"},\"image\":{\"@id\":\"https:\/\/prawitz.de\/blumen-bilder-objektrahmen-kaufen\/#primaryimage\"},\"thumbnailUrl\":\"https:\/\/prawitz.de\/wp-content\/uploads\/2026\/03\/IMG_2458_1000px-700x500.jpg\",\"datePublished\":\"2026-03-06T18:33:24+00:00\",\"dateModified\":\"2026-03-20T10:25:23+00:00\",\"description\":\"Blumen Bilder im Objektrahmen kaufen: Schwebende Bl\u00fctenkunst, gedruckt auf Hahnem\u00fchle-Papier \u2013 als Deko oder Geschenk. Jetzt bestellen!\",\"breadcrumb\":{\"@id\":\"https:\/\/prawitz.de\/blumen-bilder-objektrahmen-kaufen\/#breadcrumb\"},\"inLanguage\":\"en-GB\",\"potentialAction\":[{\"@type\":\"ReadAction\",\"target\":[\"https:\/\/prawitz.de\/blumen-bilder-objektrahmen-kaufen\/\"]}]},{\"@type\":\"ImageObject\",\"inLanguage\":\"en-GB\",\"@id\":\"https:\/\/prawitz.de\/blumen-bilder-objektrahmen-kaufen\/#primaryimage\",\"url\":\"https:\/\/prawitz.de\/wp-content\/uploads\/2026\/03\/IMG_2458_1000px-700x500.jpg\",\"contentUrl\":\"https:\/\/prawitz.de\/wp-content\/uploads\/2026\/03\/IMG_2458_1000px-700x500.jpg\"},{\"@type\":\"BreadcrumbList\",\"@id\":\"https:\/\/prawitz.de\/blumen-bilder-objektrahmen-kaufen\/#breadcrumb\",\"itemListElement\":[{\"@type\":\"ListItem\",\"position\":1,\"name\":\"Startseite\",\"item\":\"https:\/\/prawitz.de\/\"},{\"@type\":\"ListItem\",\"position\":2,\"name\":\"Bilder-Shop | Objektrahmen\"}]},{\"@type\":\"WebSite\",\"@id\":\"https:\/\/prawitz.de\/#website\",\"url\":\"https:\/\/prawitz.de\/\",\"name\":\"Tatjana Prawitz\",\"description\":\"Fine Art Photography\",\"publisher\":{\"@id\":\"https:\/\/prawitz.de\/#organization\"},\"potentialAction\":[{\"@type\":\"SearchAction\",\"target\":{\"@type\":\"EntryPoint\",\"urlTemplate\":\"https:\/\/prawitz.de\/?s={search_term_string}\"},\"query-input\":{\"@type\":\"PropertyValueSpecification\",\"valueRequired\":true,\"valueName\":\"search_term_string\"}}],\"inLanguage\":\"en-GB\"},{\"@type\":\"Organization\",\"@id\":\"https:\/\/prawitz.de\/#organization\",\"name\":\"Tatjana Prawitz\",\"url\":\"https:\/\/prawitz.de\/\",\"logo\":{\"@type\":\"ImageObject\",\"inLanguage\":\"en-GB\",\"@id\":\"https:\/\/prawitz.de\/#\/schema\/logo\/image\/\",\"url\":\"https:\/\/prawitz.de\/wp-content\/uploads\/2020\/09\/Josefin-Sans_regular.png\",\"contentUrl\":\"https:\/\/prawitz.de\/wp-content\/uploads\/2020\/09\/Josefin-Sans_regular.png\",\"width\":1600,\"height\":230,\"caption\":\"Tatjana Prawitz\"},\"image\":{\"@id\":\"https:\/\/prawitz.de\/#\/schema\/logo\/image\/\"}}]}<\/script>\n<!-- \/ Yoast SEO plugin. -->","yoast_head_json":{"title":"Blumen Bilder Objektrahmen kaufen | Tatjana Prawitz","description":"Blumen Bilder im Objektrahmen kaufen: Schwebende Bl\u00fctenkunst, gedruckt auf Hahnem\u00fchle-Papier \u2013 als Deko oder Geschenk. Jetzt bestellen!","robots":{"index":"index","follow":"follow","max-snippet":"max-snippet:-1","max-image-preview":"max-image-preview:large","max-video-preview":"max-video-preview:-1"},"canonical":"https:\/\/prawitz.de\/en\/blumen-bilder-objektrahmen-kaufen\/","og_locale":"en_GB","og_type":"article","og_title":"Blumen Bilder Objektrahmen kaufen | Tatjana Prawitz","og_description":"Blumen Bilder im Objektrahmen kaufen: Schwebende Bl\u00fctenkunst, gedruckt auf Hahnem\u00fchle-Papier \u2013 als Deko oder Geschenk. Jetzt bestellen!","og_url":"https:\/\/prawitz.de\/en\/blumen-bilder-objektrahmen-kaufen\/","og_site_name":"Tatjana Prawitz","article_modified_time":"2026-03-20T10:25:23+00:00","og_image":[{"width":1000,"height":714,"url":"https:\/\/prawitz.de\/wp-content\/uploads\/2026\/03\/IMG_2458_1000px.jpg","type":"image\/jpeg"}],"twitter_card":"summary_large_image","twitter_misc":{"Estimated reading time":"1 minute"},"schema":{"@context":"https:\/\/schema.org","@graph":[{"@type":"WebPage","@id":"https:\/\/prawitz.de\/blumen-bilder-objektrahmen-kaufen\/","url":"https:\/\/prawitz.de\/blumen-bilder-objektrahmen-kaufen\/","name":"Blumen Bilder Objektrahmen kaufen | Tatjana Prawitz","isPartOf":{"@id":"https:\/\/prawitz.de\/#website"},"primaryImageOfPage":{"@id":"https:\/\/prawitz.de\/blumen-bilder-objektrahmen-kaufen\/#primaryimage"},"image":{"@id":"https:\/\/prawitz.de\/blumen-bilder-objektrahmen-kaufen\/#primaryimage"},"thumbnailUrl":"https:\/\/prawitz.de\/wp-content\/uploads\/2026\/03\/IMG_2458_1000px-700x500.jpg","datePublished":"2026-03-06T18:33:24+00:00","dateModified":"2026-03-20T10:25:23+00:00","description":"Blumen Bilder im Objektrahmen kaufen: Schwebende Bl\u00fctenkunst, gedruckt auf Hahnem\u00fchle-Papier \u2013 als Deko oder Geschenk. Jetzt bestellen!","breadcrumb":{"@id":"https:\/\/prawitz.de\/blumen-bilder-objektrahmen-kaufen\/#breadcrumb"},"inLanguage":"en-GB","potentialAction":[{"@type":"ReadAction","target":["https:\/\/prawitz.de\/blumen-bilder-objektrahmen-kaufen\/"]}]},{"@type":"ImageObject","inLanguage":"en-GB","@id":"https:\/\/prawitz.de\/blumen-bilder-objektrahmen-kaufen\/#primaryimage","url":"https:\/\/prawitz.de\/wp-content\/uploads\/2026\/03\/IMG_2458_1000px-700x500.jpg","contentUrl":"https:\/\/prawitz.de\/wp-content\/uploads\/2026\/03\/IMG_2458_1000px-700x500.jpg"},{"@type":"BreadcrumbList","@id":"https:\/\/prawitz.de\/blumen-bilder-objektrahmen-kaufen\/#breadcrumb","itemListElement":[{"@type":"ListItem","position":1,"name":"Startseite","item":"https:\/\/prawitz.de\/"},{"@type":"ListItem","position":2,"name":"Bilder-Shop | Objektrahmen"}]},{"@type":"WebSite","@id":"https:\/\/prawitz.de\/#website","url":"https:\/\/prawitz.de\/","name":"Tatjana Prawitz","description":"Fine Art Photography","publisher":{"@id":"https:\/\/prawitz.de\/#organization"},"potentialAction":[{"@type":"SearchAction","target":{"@type":"EntryPoint","urlTemplate":"https:\/\/prawitz.de\/?s={search_term_string}"},"query-input":{"@type":"PropertyValueSpecification","valueRequired":true,"valueName":"search_term_string"}}],"inLanguage":"en-GB"},{"@type":"Organization","@id":"https:\/\/prawitz.de\/#organization","name":"Tatjana Prawitz","url":"https:\/\/prawitz.de\/","logo":{"@type":"ImageObject","inLanguage":"en-GB","@id":"https:\/\/prawitz.de\/#\/schema\/logo\/image\/","url":"https:\/\/prawitz.de\/wp-content\/uploads\/2020\/09\/Josefin-Sans_regular.png","contentUrl":"https:\/\/prawitz.de\/wp-content\/uploads\/2020\/09\/Josefin-Sans_regular.png","width":1600,"height":230,"caption":"Tatjana Prawitz"},"image":{"@id":"https:\/\/prawitz.de\/#\/schema\/logo\/image\/"}}]}},"_links":{"self":[{"href":"https:\/\/prawitz.de\/en\/wp-json\/wp\/v2\/pages\/29097","targetHints":{"allow":["GET"]}}],"collection":[{"href":"https:\/\/prawitz.de\/en\/wp-json\/wp\/v2\/pages"}],"about":[{"href":"https:\/\/prawitz.de\/en\/wp-json\/wp\/v2\/types\/page"}],"author":[{"embeddable":true,"href":"https:\/\/prawitz.de\/en\/wp-json\/wp\/v2\/users\/1"}],"replies":[{"embeddable":true,"href":"https:\/\/prawitz.de\/en\/wp-json\/wp\/v2\/comments?post=29097"}],"version-history":[{"count":16,"href":"https:\/\/prawitz.de\/en\/wp-json\/wp\/v2\/pages\/29097\/revisions"}],"predecessor-version":[{"id":29860,"href":"https:\/\/prawitz.de\/en\/wp-json\/wp\/v2\/pages\/29097\/revisions\/29860"}],"wp:attachment":[{"href":"https:\/\/prawitz.de\/en\/wp-json\/wp\/v2\/media?parent=29097"}],"curies":[{"name":"wp","href":"https:\/\/api.w.org\/{rel}","templated":true}]}}