{"id":2331,"date":"2020-10-08T15:38:08","date_gmt":"2020-10-08T15:38:08","guid":{"rendered":"http:\/\/prawitz.de\/?page_id=2331"},"modified":"2026-02-18T21:52:37","modified_gmt":"2026-02-18T21:52:37","slug":"impressum","status":"publish","type":"page","link":"https:\/\/prawitz.de\/en\/impressum\/","title":{"rendered":"Legal notice"},"content":{"rendered":"<div data-elementor-type=\"wp-page\" data-elementor-id=\"2331\" class=\"elementor elementor-2331\" data-elementor-post-type=\"page\">\n\t\t\t\t<div class=\"elementor-element elementor-element-410119f e-flex e-con-boxed e-con e-parent\" data-id=\"410119f\" data-element_type=\"container\" data-e-type=\"container\">\n\t\t\t\t\t<div class=\"e-con-inner\">\n\t\t<div class=\"elementor-element elementor-element-92d65db e-flex e-con-boxed e-con e-child\" data-id=\"92d65db\" data-element_type=\"container\" data-e-type=\"container\">\n\t\t\t\t\t<div class=\"e-con-inner\">\n\t\t\t\t<div class=\"elementor-element elementor-element-e8df127 elementor-widget elementor-widget-heading\" data-id=\"e8df127\" data-element_type=\"widget\" data-e-type=\"widget\" data-widget_type=\"heading.default\">\n\t\t\t\t<div class=\"elementor-widget-container\">\n\t\t\t\t\t<h1 class=\"elementor-heading-title elementor-size-default\">Legal notice<\/h1>\t\t\t\t<\/div>\n\t\t\t\t<\/div>\n\t\t\t\t\t<\/div>\n\t\t\t\t<\/div>\n\t\t\t\t\t<\/div>\n\t\t\t\t<\/div>\n\t\t<div class=\"elementor-element elementor-element-ef89b7c e-flex e-con-boxed e-con e-parent\" data-id=\"ef89b7c\" data-element_type=\"container\" data-e-type=\"container\">\n\t\t\t\t\t<div class=\"e-con-inner\">\n\t\t<div class=\"elementor-element elementor-element-7aeab8a e-con-full e-flex e-con e-child\" data-id=\"7aeab8a\" data-element_type=\"container\" data-e-type=\"container\">\n\t\t\t\t<div class=\"elementor-element elementor-element-fb9318d elementor-widget elementor-widget-heading\" data-id=\"fb9318d\" data-element_type=\"widget\" data-e-type=\"widget\" data-widget_type=\"heading.default\">\n\t\t\t\t<div class=\"elementor-widget-container\">\n\t\t\t\t\t<h2 class=\"elementor-heading-title elementor-size-default\">Information in accordance with \u00a7 5 TMG<\/h2>\t\t\t\t<\/div>\n\t\t\t\t<\/div>\n\t\t\t\t<div class=\"elementor-element elementor-element-c1554a8 elementor-widget elementor-widget-text-editor\" data-id=\"c1554a8\" data-element_type=\"widget\" data-e-type=\"widget\" data-widget_type=\"text-editor.default\">\n\t\t\t\t<div class=\"elementor-widget-container\">\n\t\t\t\t\t\t\t\t\t<p>Tatjana Prawitz<br \/>Goldbekufer 40<br \/>22303 Hamburg<\/p>\t\t\t\t\t\t\t\t<\/div>\n\t\t\t\t<\/div>\n\t\t\t\t<div class=\"elementor-element elementor-element-7dd2928 elementor-widget elementor-widget-heading\" data-id=\"7dd2928\" data-element_type=\"widget\" data-e-type=\"widget\" data-widget_type=\"heading.default\">\n\t\t\t\t<div class=\"elementor-widget-container\">\n\t\t\t\t\t<h2 class=\"elementor-heading-title elementor-size-default\">Contact<\/h2>\t\t\t\t<\/div>\n\t\t\t\t<\/div>\n\t\t\t\t<div class=\"elementor-element elementor-element-1d3eb74 elementor-widget elementor-widget-text-editor\" data-id=\"1d3eb74\" data-element_type=\"widget\" data-e-type=\"widget\" data-widget_type=\"text-editor.default\">\n\t\t\t\t<div class=\"elementor-widget-container\">\n\t\t\t\t\t\t\t\t\t<p>Mobile: +49 175 591 40 22<br \/>E-mail: <a href=\"mailto:info@prawitz.de\">info@prawitz.de<\/a><\/p>\t\t\t\t\t\t\t\t<\/div>\n\t\t\t\t<\/div>\n\t\t\t\t<div class=\"elementor-element elementor-element-01aac0c elementor-widget elementor-widget-heading\" data-id=\"01aac0c\" data-element_type=\"widget\" data-e-type=\"widget\" data-widget_type=\"heading.default\">\n\t\t\t\t<div class=\"elementor-widget-container\">\n\t\t\t\t\t<h2 class=\"elementor-heading-title elementor-size-default\">Responsible for content in accordance with \u00a7 18 para. 2 MStV:<\/h2>\t\t\t\t<\/div>\n\t\t\t\t<\/div>\n\t\t\t\t<div class=\"elementor-element elementor-element-b7c8f75 elementor-widget elementor-widget-text-editor\" data-id=\"b7c8f75\" data-element_type=\"widget\" data-e-type=\"widget\" data-widget_type=\"text-editor.default\">\n\t\t\t\t<div class=\"elementor-widget-container\">\n\t\t\t\t\t\t\t\t\t<p>Tatjana Prawitz<br \/>Goldbekufer 40<br \/>22303 Hamburg<\/p>\t\t\t\t\t\t\t\t<\/div>\n\t\t\t\t<\/div>\n\t\t\t\t<div class=\"elementor-element elementor-element-68a98bb elementor-widget elementor-widget-spacer\" data-id=\"68a98bb\" data-element_type=\"widget\" data-e-type=\"widget\" data-widget_type=\"spacer.default\">\n\t\t\t\t<div class=\"elementor-widget-container\">\n\t\t\t\t\t\t\t<div class=\"elementor-spacer\">\n\t\t\t<div class=\"elementor-spacer-inner\"><\/div>\n\t\t<\/div>\n\t\t\t\t\t\t<\/div>\n\t\t\t\t<\/div>\n\t\t\t\t<div class=\"elementor-element elementor-element-21e71bf elementor-widget elementor-widget-heading\" data-id=\"21e71bf\" data-element_type=\"widget\" data-e-type=\"widget\" data-widget_type=\"heading.default\">\n\t\t\t\t<div class=\"elementor-widget-container\">\n\t\t\t\t\t<h2 class=\"elementor-heading-title elementor-size-default\">Liability for content<\/h2>\t\t\t\t<\/div>\n\t\t\t\t<\/div>\n\t\t\t\t<div class=\"elementor-element elementor-element-b2bc83f elementor-widget elementor-widget-text-editor\" data-id=\"b2bc83f\" data-element_type=\"widget\" data-e-type=\"widget\" data-widget_type=\"text-editor.default\">\n\t\t\t\t<div class=\"elementor-widget-container\">\n\t\t\t\t\t\t\t\t\t<p>As a service provider, we are responsible for our own content on these pages in accordance with \u00a7 7 para. 1 TMG (German Telemedia Act) and general laws. However, according to \u00a7\u00a7 8 to 10 TMG, we are not obliged as a service provider to monitor transmitted or stored third-party information or to investigate circumstances that indicate illegal activity.<br \/>Obligations to remove or block the use of information in accordance with general laws remain unaffected by this. However, liability in this regard is only possible from the point in time at which we become aware of a specific legal violation. If we become aware of such legal violations, we will remove this content immediately.<\/p>\t\t\t\t\t\t\t\t<\/div>\n\t\t\t\t<\/div>\n\t\t\t\t<div class=\"elementor-element elementor-element-ce6f9cb elementor-widget elementor-widget-heading\" data-id=\"ce6f9cb\" data-element_type=\"widget\" data-e-type=\"widget\" data-widget_type=\"heading.default\">\n\t\t\t\t<div class=\"elementor-widget-container\">\n\t\t\t\t\t<h2 class=\"elementor-heading-title elementor-size-default\">Liability for links<\/h2>\t\t\t\t<\/div>\n\t\t\t\t<\/div>\n\t\t\t\t<div class=\"elementor-element elementor-element-d888ed4 elementor-widget elementor-widget-text-editor\" data-id=\"d888ed4\" data-element_type=\"widget\" data-e-type=\"widget\" data-widget_type=\"text-editor.default\">\n\t\t\t\t<div class=\"elementor-widget-container\">\n\t\t\t\t\t\t\t\t\t<p>Our website contains links to external third-party websites over whose content we have no influence. We therefore cannot accept any liability for this external content. The respective provider or operator of the linked pages is always responsible for their content. The linked pages were checked for possible legal violations at the time of linking. No illegal content was identified at the time of linking.<br \/>However, permanent monitoring of the content of linked pages is not reasonable without concrete evidence of a violation of the law. If we become aware of any violations of the law, we will remove such links immediately.<\/p>\t\t\t\t\t\t\t\t<\/div>\n\t\t\t\t<\/div>\n\t\t\t\t<div class=\"elementor-element elementor-element-c6bbcba elementor-widget elementor-widget-heading\" data-id=\"c6bbcba\" data-element_type=\"widget\" data-e-type=\"widget\" data-widget_type=\"heading.default\">\n\t\t\t\t<div class=\"elementor-widget-container\">\n\t\t\t\t\t<h2 class=\"elementor-heading-title elementor-size-default\">Copyright<\/h2>\t\t\t\t<\/div>\n\t\t\t\t<\/div>\n\t\t\t\t<div class=\"elementor-element elementor-element-e6db5df elementor-widget elementor-widget-text-editor\" data-id=\"e6db5df\" data-element_type=\"widget\" data-e-type=\"widget\" data-widget_type=\"text-editor.default\">\n\t\t\t\t<div class=\"elementor-widget-container\">\n\t\t\t\t\t\t\t\t\t<p>The content and works on these pages created by the site operators are subject to German copyright law. The reproduction, editing, distribution and any kind of use outside the limits of copyright law require the written consent of the respective author or creator. Downloads and copies of this site are only permitted for private, non-commercial use.<br \/>Insofar as the content on this site was not created by the operator, the copyrights of third parties are respected. In particular, third-party content is identified as such. Should you nevertheless become aware of a copyright infringement, please inform us accordingly. If we become aware of any infringements, we will remove such content immediately.<\/p>\t\t\t\t\t\t\t\t<\/div>\n\t\t\t\t<\/div>\n\t\t\t\t<div class=\"elementor-element elementor-element-53b33ee elementor-widget elementor-widget-text-editor\" data-id=\"53b33ee\" data-element_type=\"widget\" data-e-type=\"widget\" data-widget_type=\"text-editor.default\">\n\t\t\t\t<div class=\"elementor-widget-container\">\n\t\t\t\t\t\t\t\t\t<p>Source: <strong><em><a href=\"https:\/\/www.e-recht24.de\/\" target=\"_blank\" rel=\"noopener\">eRecht24<\/a> <a href=\"https:\/\/www.e-recht24.de\/muster-disclaimer.html\" target=\"_blank\" rel=\"noopener\">Disclaimer<\/a><\/em><\/strong><\/p>\t\t\t\t\t\t\t\t<\/div>\n\t\t\t\t<\/div>\n\t\t\t\t<\/div>\n\t\t\t\t\t<\/div>\n\t\t\t\t<\/div>\n\t\t<div class=\"elementor-element elementor-element-c0039ed e-flex e-con-boxed e-con e-parent\" data-id=\"c0039ed\" data-element_type=\"container\" data-e-type=\"container\">\n\t\t\t\t\t<div class=\"e-con-inner\">\n\t\t<div class=\"elementor-element elementor-element-c108683 e-con-full e-flex e-con e-child\" data-id=\"c108683\" data-element_type=\"container\" data-e-type=\"container\">\n\t\t\t\t<div class=\"elementor-element elementor-element-2f98cc5 elementor-widget elementor-widget-spacer\" data-id=\"2f98cc5\" data-element_type=\"widget\" data-e-type=\"widget\" data-widget_type=\"spacer.default\">\n\t\t\t\t<div class=\"elementor-widget-container\">\n\t\t\t\t\t\t\t<div class=\"elementor-spacer\">\n\t\t\t<div class=\"elementor-spacer-inner\"><\/div>\n\t\t<\/div>\n\t\t\t\t\t\t<\/div>\n\t\t\t\t<\/div>\n\t\t\t\t<\/div>\n\t\t\t\t\t<\/div>\n\t\t\t\t<\/div>\n\t\t\t\t<\/div>","protected":false},"excerpt":{"rendered":"<p>Impressum Angaben gem\u00e4\u00df \u00a7 5 TMG Tatjana PrawitzGoldbekufer 4022303 Hamburg Kontakt Mobil: +49 175 591 40 22Email: info@prawitz.de Verantwortlich f\u00fcr den Inhalt nach \u00a7 18 Abs. 2 MStV: Tatjana PrawitzGoldbekufer 4022303 Hamburg Haftung f\u00fcr Inhalte Als Diensteanbieter sind wir gem\u00e4\u00df \u00a7 7 Abs.1 TMG f\u00fcr eigene Inhalte auf diesen Seiten nach den allgemeinen Gesetzen verantwortlich. [&hellip;]<\/p>\n","protected":false},"author":1,"featured_media":0,"parent":0,"menu_order":0,"comment_status":"closed","ping_status":"closed","template":"","meta":{"footnotes":""},"class_list":["post-2331","page","type-page","status-publish","hentry"],"yoast_head":"<!-- This site is optimized with the Yoast SEO plugin v27.2 - https:\/\/yoast.com\/product\/yoast-seo-wordpress\/ -->\n<title>Impressum | Tatjana Prawitz<\/title>\n<meta name=\"description\" content=\"Hier finden Sie das Impressum von Tatjana Prawitz - Fine Art Photography, Bildershop und Fotoredaktion.\" \/>\n<meta name=\"robots\" content=\"noindex, nofollow\" \/>\n<meta property=\"og:locale\" content=\"en_GB\" \/>\n<meta property=\"og:type\" content=\"article\" \/>\n<meta property=\"og:title\" content=\"Impressum | Tatjana Prawitz\" \/>\n<meta property=\"og:description\" content=\"Hier finden Sie das Impressum von Tatjana Prawitz - Fine Art Photography, Bildershop und Fotoredaktion.\" \/>\n<meta property=\"og:url\" content=\"https:\/\/prawitz.de\/en\/impressum\/\" \/>\n<meta property=\"og:site_name\" content=\"Tatjana Prawitz\" \/>\n<meta property=\"article:modified_time\" content=\"2026-02-18T21:52:37+00:00\" \/>\n<meta name=\"twitter:card\" content=\"summary_large_image\" \/>\n<meta name=\"twitter:label1\" content=\"Estimated reading time\" \/>\n\t<meta name=\"twitter:data1\" content=\"2 minutes\" \/>\n<script type=\"application\/ld+json\" class=\"yoast-schema-graph\">{\"@context\":\"https:\/\/schema.org\",\"@graph\":[{\"@type\":\"WebPage\",\"@id\":\"https:\/\/prawitz.de\/impressum\/\",\"url\":\"https:\/\/prawitz.de\/impressum\/\",\"name\":\"Impressum | Tatjana Prawitz\",\"isPartOf\":{\"@id\":\"https:\/\/prawitz.de\/#website\"},\"datePublished\":\"2020-10-08T15:38:08+00:00\",\"dateModified\":\"2026-02-18T21:52:37+00:00\",\"description\":\"Hier finden Sie das Impressum von Tatjana Prawitz - Fine Art Photography, Bildershop und Fotoredaktion.\",\"breadcrumb\":{\"@id\":\"https:\/\/prawitz.de\/impressum\/#breadcrumb\"},\"inLanguage\":\"en-GB\",\"potentialAction\":[{\"@type\":\"ReadAction\",\"target\":[\"https:\/\/prawitz.de\/impressum\/\"]}]},{\"@type\":\"BreadcrumbList\",\"@id\":\"https:\/\/prawitz.de\/impressum\/#breadcrumb\",\"itemListElement\":[{\"@type\":\"ListItem\",\"position\":1,\"name\":\"Startseite\",\"item\":\"https:\/\/prawitz.de\/\"},{\"@type\":\"ListItem\",\"position\":2,\"name\":\"Impressum\"}]},{\"@type\":\"WebSite\",\"@id\":\"https:\/\/prawitz.de\/#website\",\"url\":\"https:\/\/prawitz.de\/\",\"name\":\"Tatjana Prawitz\",\"description\":\"Fine Art Photography\",\"publisher\":{\"@id\":\"https:\/\/prawitz.de\/#organization\"},\"potentialAction\":[{\"@type\":\"SearchAction\",\"target\":{\"@type\":\"EntryPoint\",\"urlTemplate\":\"https:\/\/prawitz.de\/?s={search_term_string}\"},\"query-input\":{\"@type\":\"PropertyValueSpecification\",\"valueRequired\":true,\"valueName\":\"search_term_string\"}}],\"inLanguage\":\"en-GB\"},{\"@type\":\"Organization\",\"@id\":\"https:\/\/prawitz.de\/#organization\",\"name\":\"Tatjana Prawitz\",\"url\":\"https:\/\/prawitz.de\/\",\"logo\":{\"@type\":\"ImageObject\",\"inLanguage\":\"en-GB\",\"@id\":\"https:\/\/prawitz.de\/#\/schema\/logo\/image\/\",\"url\":\"https:\/\/prawitz.de\/wp-content\/uploads\/2020\/09\/Josefin-Sans_regular.png\",\"contentUrl\":\"https:\/\/prawitz.de\/wp-content\/uploads\/2020\/09\/Josefin-Sans_regular.png\",\"width\":1600,\"height\":230,\"caption\":\"Tatjana Prawitz\"},\"image\":{\"@id\":\"https:\/\/prawitz.de\/#\/schema\/logo\/image\/\"}}]}<\/script>\n<!-- \/ Yoast SEO plugin. -->","yoast_head_json":{"title":"Impressum | Tatjana Prawitz","description":"Hier finden Sie das Impressum von Tatjana Prawitz - Fine Art Photography, Bildershop und Fotoredaktion.","robots":{"index":"noindex","follow":"nofollow"},"og_locale":"en_GB","og_type":"article","og_title":"Impressum | Tatjana Prawitz","og_description":"Hier finden Sie das Impressum von Tatjana Prawitz - Fine Art Photography, Bildershop und Fotoredaktion.","og_url":"https:\/\/prawitz.de\/en\/impressum\/","og_site_name":"Tatjana Prawitz","article_modified_time":"2026-02-18T21:52:37+00:00","twitter_card":"summary_large_image","twitter_misc":{"Estimated reading time":"2 minutes"},"schema":{"@context":"https:\/\/schema.org","@graph":[{"@type":"WebPage","@id":"https:\/\/prawitz.de\/impressum\/","url":"https:\/\/prawitz.de\/impressum\/","name":"Impressum | Tatjana Prawitz","isPartOf":{"@id":"https:\/\/prawitz.de\/#website"},"datePublished":"2020-10-08T15:38:08+00:00","dateModified":"2026-02-18T21:52:37+00:00","description":"Hier finden Sie das Impressum von Tatjana Prawitz - Fine Art Photography, Bildershop und Fotoredaktion.","breadcrumb":{"@id":"https:\/\/prawitz.de\/impressum\/#breadcrumb"},"inLanguage":"en-GB","potentialAction":[{"@type":"ReadAction","target":["https:\/\/prawitz.de\/impressum\/"]}]},{"@type":"BreadcrumbList","@id":"https:\/\/prawitz.de\/impressum\/#breadcrumb","itemListElement":[{"@type":"ListItem","position":1,"name":"Startseite","item":"https:\/\/prawitz.de\/"},{"@type":"ListItem","position":2,"name":"Impressum"}]},{"@type":"WebSite","@id":"https:\/\/prawitz.de\/#website","url":"https:\/\/prawitz.de\/","name":"Tatjana Prawitz","description":"Fine Art Photography","publisher":{"@id":"https:\/\/prawitz.de\/#organization"},"potentialAction":[{"@type":"SearchAction","target":{"@type":"EntryPoint","urlTemplate":"https:\/\/prawitz.de\/?s={search_term_string}"},"query-input":{"@type":"PropertyValueSpecification","valueRequired":true,"valueName":"search_term_string"}}],"inLanguage":"en-GB"},{"@type":"Organization","@id":"https:\/\/prawitz.de\/#organization","name":"Tatjana Prawitz","url":"https:\/\/prawitz.de\/","logo":{"@type":"ImageObject","inLanguage":"en-GB","@id":"https:\/\/prawitz.de\/#\/schema\/logo\/image\/","url":"https:\/\/prawitz.de\/wp-content\/uploads\/2020\/09\/Josefin-Sans_regular.png","contentUrl":"https:\/\/prawitz.de\/wp-content\/uploads\/2020\/09\/Josefin-Sans_regular.png","width":1600,"height":230,"caption":"Tatjana Prawitz"},"image":{"@id":"https:\/\/prawitz.de\/#\/schema\/logo\/image\/"}}]}},"_links":{"self":[{"href":"https:\/\/prawitz.de\/en\/wp-json\/wp\/v2\/pages\/2331","targetHints":{"allow":["GET"]}}],"collection":[{"href":"https:\/\/prawitz.de\/en\/wp-json\/wp\/v2\/pages"}],"about":[{"href":"https:\/\/prawitz.de\/en\/wp-json\/wp\/v2\/types\/page"}],"author":[{"embeddable":true,"href":"https:\/\/prawitz.de\/en\/wp-json\/wp\/v2\/users\/1"}],"replies":[{"embeddable":true,"href":"https:\/\/prawitz.de\/en\/wp-json\/wp\/v2\/comments?post=2331"}],"version-history":[{"count":107,"href":"https:\/\/prawitz.de\/en\/wp-json\/wp\/v2\/pages\/2331\/revisions"}],"predecessor-version":[{"id":28368,"href":"https:\/\/prawitz.de\/en\/wp-json\/wp\/v2\/pages\/2331\/revisions\/28368"}],"wp:attachment":[{"href":"https:\/\/prawitz.de\/en\/wp-json\/wp\/v2\/media?parent=2331"}],"curies":[{"name":"wp","href":"https:\/\/api.w.org\/{rel}","templated":true}]}}