{"id":17390,"date":"2025-05-07T19:52:49","date_gmt":"2025-05-07T19:52:49","guid":{"rendered":"https:\/\/prawitz.de\/?page_id=17390"},"modified":"2026-03-19T21:54:35","modified_gmt":"2026-03-19T21:54:35","slug":"lieferzeiten","status":"publish","type":"page","link":"https:\/\/prawitz.de\/en\/lieferzeiten\/","title":{"rendered":"Delivery times"},"content":{"rendered":"<div data-elementor-type=\"wp-page\" data-elementor-id=\"17390\" class=\"elementor elementor-17390\" data-elementor-post-type=\"page\">\n\t\t\t\t<div class=\"elementor-element elementor-element-d541652 e-flex e-con-boxed e-con e-parent\" data-id=\"d541652\" data-element_type=\"container\" data-e-type=\"container\">\n\t\t\t\t\t<div class=\"e-con-inner\">\n\t\t<div class=\"elementor-element elementor-element-64dbb4b e-flex e-con-boxed e-con e-child\" data-id=\"64dbb4b\" data-element_type=\"container\" data-e-type=\"container\">\n\t\t\t\t\t<div class=\"e-con-inner\">\n\t\t\t\t<div class=\"elementor-element elementor-element-53077fc elementor-widget elementor-widget-heading\" data-id=\"53077fc\" data-element_type=\"widget\" data-e-type=\"widget\" data-widget_type=\"heading.default\">\n\t\t\t\t<div class=\"elementor-widget-container\">\n\t\t\t\t\t<h1 class=\"elementor-heading-title elementor-size-default\">Production and delivery times<\/h1>\t\t\t\t<\/div>\n\t\t\t\t<\/div>\n\t\t\t\t\t<\/div>\n\t\t\t\t<\/div>\n\t\t\t\t\t<\/div>\n\t\t\t\t<\/div>\n\t\t<div class=\"elementor-element elementor-element-0bfd932 e-flex e-con-boxed e-con e-parent\" data-id=\"0bfd932\" data-element_type=\"container\" data-e-type=\"container\">\n\t\t\t\t\t<div class=\"e-con-inner\">\n\t\t<div class=\"elementor-element elementor-element-083bb1f e-flex e-con-boxed e-con e-child\" data-id=\"083bb1f\" data-element_type=\"container\" data-e-type=\"container\">\n\t\t\t\t\t<div class=\"e-con-inner\">\n\t\t\t\t<div class=\"elementor-element elementor-element-8101070 elementor-widget elementor-widget-heading\" data-id=\"8101070\" data-element_type=\"widget\" data-e-type=\"widget\" data-widget_type=\"heading.default\">\n\t\t\t\t<div class=\"elementor-widget-container\">\n\t\t\t\t\t<h2 class=\"elementor-heading-title elementor-size-default\">murals<\/h2>\t\t\t\t<\/div>\n\t\t\t\t<\/div>\n\t\t\t\t\t<\/div>\n\t\t\t\t<\/div>\n\t\t\t\t\t<\/div>\n\t\t\t\t<\/div>\n\t\t<div class=\"elementor-element elementor-element-3900a6c e-con-full e-flex e-con e-parent\" data-id=\"3900a6c\" data-element_type=\"container\" data-e-type=\"container\">\n\t\t<div class=\"elementor-element elementor-element-01ffad3 e-flex e-con-boxed e-con e-child\" data-id=\"01ffad3\" data-element_type=\"container\" data-e-type=\"container\">\n\t\t\t\t\t<div class=\"e-con-inner\">\n\t\t\t\t<div class=\"elementor-element elementor-element-b3abde7 elementor-widget elementor-widget-text-editor\" data-id=\"b3abde7\" data-element_type=\"widget\" data-e-type=\"widget\" data-widget_type=\"text-editor.default\">\n\t\t\t\t<div class=\"elementor-widget-container\">\n\t\t\t\t\t\t\t\t\t<p>The\u00a0<strong>production times <\/strong>depend on the material:<\/p><p>4 working days for canvas<\/p><p>4 working days for Alu-Dibond\u00a0\u00a0 \u00a0\u00a0<\/p><p>5 working days for acrylic glass<\/p><p>The\u00a0<strong>Delivery times<\/strong> are usually 1 to 3 working days from the time the order is handed over to the shipping service provider.<\/p><p>You will receive a shipping confirmation by email with a tracking link to track your shipment.<\/p>\t\t\t\t\t\t\t\t<\/div>\n\t\t\t\t<\/div>\n\t\t\t\t\t<\/div>\n\t\t\t\t<\/div>\n\t\t\t\t<\/div>\n\t\t<div class=\"elementor-element elementor-element-05faa45 e-flex e-con-boxed e-con e-parent\" data-id=\"05faa45\" data-element_type=\"container\" data-e-type=\"container\">\n\t\t\t\t\t<div class=\"e-con-inner\">\n\t\t<div class=\"elementor-element elementor-element-af69096 e-flex e-con-boxed e-con e-child\" data-id=\"af69096\" data-element_type=\"container\" data-e-type=\"container\">\n\t\t\t\t\t<div class=\"e-con-inner\">\n\t\t\t\t<div class=\"elementor-element elementor-element-20df411 elementor-widget elementor-widget-heading\" data-id=\"20df411\" data-element_type=\"widget\" data-e-type=\"widget\" data-widget_type=\"heading.default\">\n\t\t\t\t<div class=\"elementor-widget-container\">\n\t\t\t\t\t<h2 class=\"elementor-heading-title elementor-size-default\">Calendars<\/h2>\t\t\t\t<\/div>\n\t\t\t\t<\/div>\n\t\t\t\t\t<\/div>\n\t\t\t\t<\/div>\n\t\t\t\t\t<\/div>\n\t\t\t\t<\/div>\n\t\t<div class=\"elementor-element elementor-element-91932d8 e-con-full e-flex e-con e-parent\" data-id=\"91932d8\" data-element_type=\"container\" data-e-type=\"container\">\n\t\t<div class=\"elementor-element elementor-element-546dfc5 e-flex e-con-boxed e-con e-child\" data-id=\"546dfc5\" data-element_type=\"container\" data-e-type=\"container\">\n\t\t\t\t\t<div class=\"e-con-inner\">\n\t\t\t\t<div class=\"elementor-element elementor-element-bc952cf elementor-widget elementor-widget-text-editor\" data-id=\"bc952cf\" data-element_type=\"widget\" data-e-type=\"widget\" data-widget_type=\"text-editor.default\">\n\t\t\t\t<div class=\"elementor-widget-container\">\n\t\t\t\t\t\t\t\t\t<p>The\u00a0<strong>Delivery times<\/strong> are usually 3 working days.<\/p><p>You will receive a shipping confirmation by email with a tracking link to track your shipment.<\/p>\t\t\t\t\t\t\t\t<\/div>\n\t\t\t\t<\/div>\n\t\t\t\t\t<\/div>\n\t\t\t\t<\/div>\n\t\t\t\t<\/div>\n\t\t<div class=\"elementor-element elementor-element-670eaa9 e-flex e-con-boxed e-con e-parent\" data-id=\"670eaa9\" data-element_type=\"container\" data-e-type=\"container\">\n\t\t\t\t\t<div class=\"e-con-inner\">\n\t\t<div class=\"elementor-element elementor-element-97952a1 e-con-full e-flex e-con e-child\" data-id=\"97952a1\" data-element_type=\"container\" data-e-type=\"container\">\n\t\t\t\t<div class=\"elementor-element elementor-element-97463cc elementor-widget elementor-widget-spacer\" data-id=\"97463cc\" data-element_type=\"widget\" data-e-type=\"widget\" data-widget_type=\"spacer.default\">\n\t\t\t\t<div class=\"elementor-widget-container\">\n\t\t\t\t\t\t\t<div class=\"elementor-spacer\">\n\t\t\t<div class=\"elementor-spacer-inner\"><\/div>\n\t\t<\/div>\n\t\t\t\t\t\t<\/div>\n\t\t\t\t<\/div>\n\t\t\t\t<\/div>\n\t\t\t\t\t<\/div>\n\t\t\t\t<\/div>\n\t\t\t\t<\/div>","protected":false},"excerpt":{"rendered":"<p>Produktions- und Lieferzeiten Wandbilder Die\u00a0Produktionszeiten h\u00e4ngen jeweils vom Material ab: 4 Werktage f\u00fcr Leinwand 4 Werktage f\u00fcr Alu-Dibond\u00a0\u00a0 \u00a0\u00a0 5 Werktage f\u00fcr Acryl-Glas Die\u00a0Lieferzeiten betragen ab der \u00dcbergabe an den Versanddienstleister in der Regel 1 bis 3 Werktage. Sie erhalten per E-Mail eine Versandbest\u00e4tigung mit einem Tracking-Link zur Sendungsverfolgung. Kalender 2026 Die\u00a0Lieferzeiten betragen in der [&hellip;]<\/p>\n","protected":false},"author":1,"featured_media":0,"parent":0,"menu_order":0,"comment_status":"closed","ping_status":"closed","template":"","meta":{"footnotes":""},"class_list":["post-17390","page","type-page","status-publish","hentry"],"yoast_head":"<!-- This site is optimized with the Yoast SEO plugin v27.2 - https:\/\/yoast.com\/product\/yoast-seo-wordpress\/ -->\n<title>Lieferzeiten | Shop | Tatjana Prawitz<\/title>\n<meta name=\"description\" content=\"Hier finden Sie die Lieferzeiten f\u00fcr Produkte aus dem Bildershop von Tatjana Prawitz - Fine Art Photography.\" \/>\n<meta name=\"robots\" content=\"noindex, nofollow\" \/>\n<meta property=\"og:locale\" content=\"en_GB\" \/>\n<meta property=\"og:type\" content=\"article\" \/>\n<meta property=\"og:title\" content=\"Lieferzeiten | Shop | Tatjana Prawitz\" \/>\n<meta property=\"og:description\" content=\"Hier finden Sie die Lieferzeiten f\u00fcr Produkte aus dem Bildershop von Tatjana Prawitz - Fine Art Photography.\" \/>\n<meta property=\"og:url\" content=\"https:\/\/prawitz.de\/en\/lieferzeiten\/\" \/>\n<meta property=\"og:site_name\" content=\"Tatjana Prawitz\" \/>\n<meta property=\"article:modified_time\" content=\"2026-03-19T21:54:35+00:00\" \/>\n<meta name=\"twitter:card\" content=\"summary_large_image\" \/>\n<meta name=\"twitter:label1\" content=\"Estimated reading time\" \/>\n\t<meta name=\"twitter:data1\" content=\"1 minute\" \/>\n<script type=\"application\/ld+json\" class=\"yoast-schema-graph\">{\"@context\":\"https:\/\/schema.org\",\"@graph\":[{\"@type\":\"WebPage\",\"@id\":\"https:\/\/prawitz.de\/lieferzeiten\/\",\"url\":\"https:\/\/prawitz.de\/lieferzeiten\/\",\"name\":\"Lieferzeiten | Shop | Tatjana Prawitz\",\"isPartOf\":{\"@id\":\"https:\/\/prawitz.de\/#website\"},\"datePublished\":\"2025-05-07T19:52:49+00:00\",\"dateModified\":\"2026-03-19T21:54:35+00:00\",\"description\":\"Hier finden Sie die Lieferzeiten f\u00fcr Produkte aus dem Bildershop von Tatjana Prawitz - Fine Art Photography.\",\"breadcrumb\":{\"@id\":\"https:\/\/prawitz.de\/lieferzeiten\/#breadcrumb\"},\"inLanguage\":\"en-GB\",\"potentialAction\":[{\"@type\":\"ReadAction\",\"target\":[\"https:\/\/prawitz.de\/lieferzeiten\/\"]}]},{\"@type\":\"BreadcrumbList\",\"@id\":\"https:\/\/prawitz.de\/lieferzeiten\/#breadcrumb\",\"itemListElement\":[{\"@type\":\"ListItem\",\"position\":1,\"name\":\"Startseite\",\"item\":\"https:\/\/prawitz.de\/\"},{\"@type\":\"ListItem\",\"position\":2,\"name\":\"Lieferzeiten\"}]},{\"@type\":\"WebSite\",\"@id\":\"https:\/\/prawitz.de\/#website\",\"url\":\"https:\/\/prawitz.de\/\",\"name\":\"Tatjana Prawitz\",\"description\":\"Fine Art Photography\",\"publisher\":{\"@id\":\"https:\/\/prawitz.de\/#organization\"},\"potentialAction\":[{\"@type\":\"SearchAction\",\"target\":{\"@type\":\"EntryPoint\",\"urlTemplate\":\"https:\/\/prawitz.de\/?s={search_term_string}\"},\"query-input\":{\"@type\":\"PropertyValueSpecification\",\"valueRequired\":true,\"valueName\":\"search_term_string\"}}],\"inLanguage\":\"en-GB\"},{\"@type\":\"Organization\",\"@id\":\"https:\/\/prawitz.de\/#organization\",\"name\":\"Tatjana Prawitz\",\"url\":\"https:\/\/prawitz.de\/\",\"logo\":{\"@type\":\"ImageObject\",\"inLanguage\":\"en-GB\",\"@id\":\"https:\/\/prawitz.de\/#\/schema\/logo\/image\/\",\"url\":\"https:\/\/prawitz.de\/wp-content\/uploads\/2020\/09\/Josefin-Sans_regular.png\",\"contentUrl\":\"https:\/\/prawitz.de\/wp-content\/uploads\/2020\/09\/Josefin-Sans_regular.png\",\"width\":1600,\"height\":230,\"caption\":\"Tatjana Prawitz\"},\"image\":{\"@id\":\"https:\/\/prawitz.de\/#\/schema\/logo\/image\/\"}}]}<\/script>\n<!-- \/ Yoast SEO plugin. -->","yoast_head_json":{"title":"Lieferzeiten | Shop | Tatjana Prawitz","description":"Hier finden Sie die Lieferzeiten f\u00fcr Produkte aus dem Bildershop von Tatjana Prawitz - Fine Art Photography.","robots":{"index":"noindex","follow":"nofollow"},"og_locale":"en_GB","og_type":"article","og_title":"Lieferzeiten | Shop | Tatjana Prawitz","og_description":"Hier finden Sie die Lieferzeiten f\u00fcr Produkte aus dem Bildershop von Tatjana Prawitz - Fine Art Photography.","og_url":"https:\/\/prawitz.de\/en\/lieferzeiten\/","og_site_name":"Tatjana Prawitz","article_modified_time":"2026-03-19T21:54:35+00:00","twitter_card":"summary_large_image","twitter_misc":{"Estimated reading time":"1 minute"},"schema":{"@context":"https:\/\/schema.org","@graph":[{"@type":"WebPage","@id":"https:\/\/prawitz.de\/lieferzeiten\/","url":"https:\/\/prawitz.de\/lieferzeiten\/","name":"Lieferzeiten | Shop | Tatjana Prawitz","isPartOf":{"@id":"https:\/\/prawitz.de\/#website"},"datePublished":"2025-05-07T19:52:49+00:00","dateModified":"2026-03-19T21:54:35+00:00","description":"Hier finden Sie die Lieferzeiten f\u00fcr Produkte aus dem Bildershop von Tatjana Prawitz - Fine Art Photography.","breadcrumb":{"@id":"https:\/\/prawitz.de\/lieferzeiten\/#breadcrumb"},"inLanguage":"en-GB","potentialAction":[{"@type":"ReadAction","target":["https:\/\/prawitz.de\/lieferzeiten\/"]}]},{"@type":"BreadcrumbList","@id":"https:\/\/prawitz.de\/lieferzeiten\/#breadcrumb","itemListElement":[{"@type":"ListItem","position":1,"name":"Startseite","item":"https:\/\/prawitz.de\/"},{"@type":"ListItem","position":2,"name":"Lieferzeiten"}]},{"@type":"WebSite","@id":"https:\/\/prawitz.de\/#website","url":"https:\/\/prawitz.de\/","name":"Tatjana Prawitz","description":"Fine Art Photography","publisher":{"@id":"https:\/\/prawitz.de\/#organization"},"potentialAction":[{"@type":"SearchAction","target":{"@type":"EntryPoint","urlTemplate":"https:\/\/prawitz.de\/?s={search_term_string}"},"query-input":{"@type":"PropertyValueSpecification","valueRequired":true,"valueName":"search_term_string"}}],"inLanguage":"en-GB"},{"@type":"Organization","@id":"https:\/\/prawitz.de\/#organization","name":"Tatjana Prawitz","url":"https:\/\/prawitz.de\/","logo":{"@type":"ImageObject","inLanguage":"en-GB","@id":"https:\/\/prawitz.de\/#\/schema\/logo\/image\/","url":"https:\/\/prawitz.de\/wp-content\/uploads\/2020\/09\/Josefin-Sans_regular.png","contentUrl":"https:\/\/prawitz.de\/wp-content\/uploads\/2020\/09\/Josefin-Sans_regular.png","width":1600,"height":230,"caption":"Tatjana Prawitz"},"image":{"@id":"https:\/\/prawitz.de\/#\/schema\/logo\/image\/"}}]}},"_links":{"self":[{"href":"https:\/\/prawitz.de\/en\/wp-json\/wp\/v2\/pages\/17390","targetHints":{"allow":["GET"]}}],"collection":[{"href":"https:\/\/prawitz.de\/en\/wp-json\/wp\/v2\/pages"}],"about":[{"href":"https:\/\/prawitz.de\/en\/wp-json\/wp\/v2\/types\/page"}],"author":[{"embeddable":true,"href":"https:\/\/prawitz.de\/en\/wp-json\/wp\/v2\/users\/1"}],"replies":[{"embeddable":true,"href":"https:\/\/prawitz.de\/en\/wp-json\/wp\/v2\/comments?post=17390"}],"version-history":[{"count":73,"href":"https:\/\/prawitz.de\/en\/wp-json\/wp\/v2\/pages\/17390\/revisions"}],"predecessor-version":[{"id":29814,"href":"https:\/\/prawitz.de\/en\/wp-json\/wp\/v2\/pages\/17390\/revisions\/29814"}],"wp:attachment":[{"href":"https:\/\/prawitz.de\/en\/wp-json\/wp\/v2\/media?parent=17390"}],"curies":[{"name":"wp","href":"https:\/\/api.w.org\/{rel}","templated":true}]}}