{"id":10634,"date":"2025-03-17T13:52:34","date_gmt":"2025-03-17T13:52:34","guid":{"rendered":"https:\/\/prawitz.de\/widerrufsbelehrung\/"},"modified":"2026-02-18T21:38:29","modified_gmt":"2026-02-18T21:38:29","slug":"widerrufsbelehrung","status":"publish","type":"page","link":"https:\/\/prawitz.de\/en\/widerrufsbelehrung\/","title":{"rendered":"Cancellation policy"},"content":{"rendered":"<div data-elementor-type=\"wp-page\" data-elementor-id=\"10634\" class=\"elementor elementor-10634\" data-elementor-post-type=\"page\">\n\t\t\t\t<div class=\"elementor-element elementor-element-1aa8e1e e-flex e-con-boxed e-con e-parent\" data-id=\"1aa8e1e\" data-element_type=\"container\" data-e-type=\"container\">\n\t\t\t\t\t<div class=\"e-con-inner\">\n\t\t<div class=\"elementor-element elementor-element-ace002f e-flex e-con-boxed e-con e-child\" data-id=\"ace002f\" data-element_type=\"container\" data-e-type=\"container\">\n\t\t\t\t\t<div class=\"e-con-inner\">\n\t\t\t\t<div class=\"elementor-element elementor-element-0438a76 elementor-widget elementor-widget-heading\" data-id=\"0438a76\" data-element_type=\"widget\" data-e-type=\"widget\" data-widget_type=\"heading.default\">\n\t\t\t\t<div class=\"elementor-widget-container\">\n\t\t\t\t\t<h1 class=\"elementor-heading-title elementor-size-default\">Cancellation policy<\/h1>\t\t\t\t<\/div>\n\t\t\t\t<\/div>\n\t\t\t\t\t<\/div>\n\t\t\t\t<\/div>\n\t\t\t\t\t<\/div>\n\t\t\t\t<\/div>\n\t\t<div class=\"elementor-element elementor-element-6a835b8 e-con-full e-flex e-con e-parent\" data-id=\"6a835b8\" data-element_type=\"container\" data-e-type=\"container\">\n\t\t<div class=\"elementor-element elementor-element-8485125 e-flex e-con-boxed e-con e-child\" data-id=\"8485125\" data-element_type=\"container\" data-e-type=\"container\">\n\t\t\t\t\t<div class=\"e-con-inner\">\n\t\t\t\t<div class=\"elementor-element elementor-element-3804c93 elementor-widget elementor-widget-text-editor\" data-id=\"3804c93\" data-element_type=\"widget\" data-e-type=\"widget\" data-widget_type=\"text-editor.default\">\n\t\t\t\t<div class=\"elementor-widget-container\">\n\t\t\t\t\t\t\t\t\t<p><span style=\"font-family: Actor;\">The right of revocation and return for distance contracts pursuant to Section 312 g (1) of the German Civil Code (BGB) is excluded pursuant to Section 312 g (2) No. 1 BGB if goods are not prefabricated and the manufacture of the goods is based on an individual selection or determination by the consumer or if they are clearly tailored to the personal needs of the consumer. For this reason, all photo products from <span style=\"color: #000000;\">Tatjana Prawitz \u2013 Fine Art Photography<\/span> are non-returnable.<\/span><\/p>\t\t\t\t\t\t\t\t<\/div>\n\t\t\t\t<\/div>\n\t\t\t\t\t<\/div>\n\t\t\t\t<\/div>\n\t\t\t\t<\/div>\n\t\t<div class=\"elementor-element elementor-element-c242b6d e-flex e-con-boxed e-con e-parent\" data-id=\"c242b6d\" data-element_type=\"container\" data-e-type=\"container\">\n\t\t\t\t\t<div class=\"e-con-inner\">\n\t\t\t\t<div class=\"elementor-element elementor-element-69e49ac elementor-widget elementor-widget-spacer\" data-id=\"69e49ac\" data-element_type=\"widget\" data-e-type=\"widget\" data-widget_type=\"spacer.default\">\n\t\t\t\t<div class=\"elementor-widget-container\">\n\t\t\t\t\t\t\t<div class=\"elementor-spacer\">\n\t\t\t<div class=\"elementor-spacer-inner\"><\/div>\n\t\t<\/div>\n\t\t\t\t\t\t<\/div>\n\t\t\t\t<\/div>\n\t\t\t\t\t<\/div>\n\t\t\t\t<\/div>\n\t\t\t\t<\/div>","protected":false},"excerpt":{"rendered":"<p>Widerrufsbelehrung Das Widerrufs- und R\u00fcckgaberecht bei Fernabsatzvertr\u00e4gen gem. 312 g Abs. 1 BGB ist nach \u00a7 312 g Abs. 2 Nr. 1 BGB ausgeschlossen, wenn Waren nicht vorgefertigt sind und f\u00fcr die Herstellung der Waren eine individuelle Auswahl oder Bestimmung durch den Verbraucher ma\u00dfgeblich ist oder diese eindeutig auf die pers\u00f6nlichen Bed\u00fcrfnisse des Verbrauchers zugeschnitten [&hellip;]<\/p>\n","protected":false},"author":1,"featured_media":0,"parent":0,"menu_order":0,"comment_status":"closed","ping_status":"closed","template":"","meta":{"footnotes":""},"class_list":["post-10634","page","type-page","status-publish","hentry"],"yoast_head":"<!-- This site is optimized with the Yoast SEO plugin v27.2 - https:\/\/yoast.com\/product\/yoast-seo-wordpress\/ -->\n<title>Widerrufsbelehrung | Shop | Tatjana Prawitz<\/title>\n<meta name=\"description\" content=\"Hier finden Sie die Widerrufsbelehrung f\u00fcr Produkte aus dem Bildershop von Tatjana Prawitz - Fine Art Photography.\" \/>\n<meta name=\"robots\" content=\"noindex, nofollow\" \/>\n<meta property=\"og:locale\" content=\"en_GB\" \/>\n<meta property=\"og:type\" content=\"article\" \/>\n<meta property=\"og:title\" content=\"Widerrufsbelehrung | Shop | Tatjana Prawitz\" \/>\n<meta property=\"og:description\" content=\"Hier finden Sie die Widerrufsbelehrung f\u00fcr Produkte aus dem Bildershop von Tatjana Prawitz - Fine Art Photography.\" \/>\n<meta property=\"og:url\" content=\"https:\/\/prawitz.de\/en\/widerrufsbelehrung\/\" \/>\n<meta property=\"og:site_name\" content=\"Tatjana Prawitz\" \/>\n<meta property=\"article:modified_time\" content=\"2026-02-18T21:38:29+00:00\" \/>\n<meta name=\"twitter:card\" content=\"summary_large_image\" \/>\n<meta name=\"twitter:label1\" content=\"Estimated reading time\" \/>\n\t<meta name=\"twitter:data1\" content=\"1 minute\" \/>\n<script type=\"application\/ld+json\" class=\"yoast-schema-graph\">{\"@context\":\"https:\/\/schema.org\",\"@graph\":[{\"@type\":\"WebPage\",\"@id\":\"https:\/\/prawitz.de\/widerrufsbelehrung\/\",\"url\":\"https:\/\/prawitz.de\/widerrufsbelehrung\/\",\"name\":\"Widerrufsbelehrung | Shop | Tatjana Prawitz\",\"isPartOf\":{\"@id\":\"https:\/\/prawitz.de\/#website\"},\"datePublished\":\"2025-03-17T13:52:34+00:00\",\"dateModified\":\"2026-02-18T21:38:29+00:00\",\"description\":\"Hier finden Sie die Widerrufsbelehrung f\u00fcr Produkte aus dem Bildershop von Tatjana Prawitz - Fine Art Photography.\",\"breadcrumb\":{\"@id\":\"https:\/\/prawitz.de\/widerrufsbelehrung\/#breadcrumb\"},\"inLanguage\":\"en-GB\",\"potentialAction\":[{\"@type\":\"ReadAction\",\"target\":[\"https:\/\/prawitz.de\/widerrufsbelehrung\/\"]}]},{\"@type\":\"BreadcrumbList\",\"@id\":\"https:\/\/prawitz.de\/widerrufsbelehrung\/#breadcrumb\",\"itemListElement\":[{\"@type\":\"ListItem\",\"position\":1,\"name\":\"Startseite\",\"item\":\"https:\/\/prawitz.de\/\"},{\"@type\":\"ListItem\",\"position\":2,\"name\":\"Widerrufsbelehrung\"}]},{\"@type\":\"WebSite\",\"@id\":\"https:\/\/prawitz.de\/#website\",\"url\":\"https:\/\/prawitz.de\/\",\"name\":\"Tatjana Prawitz\",\"description\":\"Fine Art Photography\",\"publisher\":{\"@id\":\"https:\/\/prawitz.de\/#organization\"},\"potentialAction\":[{\"@type\":\"SearchAction\",\"target\":{\"@type\":\"EntryPoint\",\"urlTemplate\":\"https:\/\/prawitz.de\/?s={search_term_string}\"},\"query-input\":{\"@type\":\"PropertyValueSpecification\",\"valueRequired\":true,\"valueName\":\"search_term_string\"}}],\"inLanguage\":\"en-GB\"},{\"@type\":\"Organization\",\"@id\":\"https:\/\/prawitz.de\/#organization\",\"name\":\"Tatjana Prawitz\",\"url\":\"https:\/\/prawitz.de\/\",\"logo\":{\"@type\":\"ImageObject\",\"inLanguage\":\"en-GB\",\"@id\":\"https:\/\/prawitz.de\/#\/schema\/logo\/image\/\",\"url\":\"https:\/\/prawitz.de\/wp-content\/uploads\/2020\/09\/Josefin-Sans_regular.png\",\"contentUrl\":\"https:\/\/prawitz.de\/wp-content\/uploads\/2020\/09\/Josefin-Sans_regular.png\",\"width\":1600,\"height\":230,\"caption\":\"Tatjana Prawitz\"},\"image\":{\"@id\":\"https:\/\/prawitz.de\/#\/schema\/logo\/image\/\"}}]}<\/script>\n<!-- \/ Yoast SEO plugin. -->","yoast_head_json":{"title":"Widerrufsbelehrung | Shop | Tatjana Prawitz","description":"Hier finden Sie die Widerrufsbelehrung f\u00fcr Produkte aus dem Bildershop von Tatjana Prawitz - Fine Art Photography.","robots":{"index":"noindex","follow":"nofollow"},"og_locale":"en_GB","og_type":"article","og_title":"Widerrufsbelehrung | Shop | Tatjana Prawitz","og_description":"Hier finden Sie die Widerrufsbelehrung f\u00fcr Produkte aus dem Bildershop von Tatjana Prawitz - Fine Art Photography.","og_url":"https:\/\/prawitz.de\/en\/widerrufsbelehrung\/","og_site_name":"Tatjana Prawitz","article_modified_time":"2026-02-18T21:38:29+00:00","twitter_card":"summary_large_image","twitter_misc":{"Estimated reading time":"1 minute"},"schema":{"@context":"https:\/\/schema.org","@graph":[{"@type":"WebPage","@id":"https:\/\/prawitz.de\/widerrufsbelehrung\/","url":"https:\/\/prawitz.de\/widerrufsbelehrung\/","name":"Widerrufsbelehrung | Shop | Tatjana Prawitz","isPartOf":{"@id":"https:\/\/prawitz.de\/#website"},"datePublished":"2025-03-17T13:52:34+00:00","dateModified":"2026-02-18T21:38:29+00:00","description":"Hier finden Sie die Widerrufsbelehrung f\u00fcr Produkte aus dem Bildershop von Tatjana Prawitz - Fine Art Photography.","breadcrumb":{"@id":"https:\/\/prawitz.de\/widerrufsbelehrung\/#breadcrumb"},"inLanguage":"en-GB","potentialAction":[{"@type":"ReadAction","target":["https:\/\/prawitz.de\/widerrufsbelehrung\/"]}]},{"@type":"BreadcrumbList","@id":"https:\/\/prawitz.de\/widerrufsbelehrung\/#breadcrumb","itemListElement":[{"@type":"ListItem","position":1,"name":"Startseite","item":"https:\/\/prawitz.de\/"},{"@type":"ListItem","position":2,"name":"Widerrufsbelehrung"}]},{"@type":"WebSite","@id":"https:\/\/prawitz.de\/#website","url":"https:\/\/prawitz.de\/","name":"Tatjana Prawitz","description":"Fine Art Photography","publisher":{"@id":"https:\/\/prawitz.de\/#organization"},"potentialAction":[{"@type":"SearchAction","target":{"@type":"EntryPoint","urlTemplate":"https:\/\/prawitz.de\/?s={search_term_string}"},"query-input":{"@type":"PropertyValueSpecification","valueRequired":true,"valueName":"search_term_string"}}],"inLanguage":"en-GB"},{"@type":"Organization","@id":"https:\/\/prawitz.de\/#organization","name":"Tatjana Prawitz","url":"https:\/\/prawitz.de\/","logo":{"@type":"ImageObject","inLanguage":"en-GB","@id":"https:\/\/prawitz.de\/#\/schema\/logo\/image\/","url":"https:\/\/prawitz.de\/wp-content\/uploads\/2020\/09\/Josefin-Sans_regular.png","contentUrl":"https:\/\/prawitz.de\/wp-content\/uploads\/2020\/09\/Josefin-Sans_regular.png","width":1600,"height":230,"caption":"Tatjana Prawitz"},"image":{"@id":"https:\/\/prawitz.de\/#\/schema\/logo\/image\/"}}]}},"_links":{"self":[{"href":"https:\/\/prawitz.de\/en\/wp-json\/wp\/v2\/pages\/10634","targetHints":{"allow":["GET"]}}],"collection":[{"href":"https:\/\/prawitz.de\/en\/wp-json\/wp\/v2\/pages"}],"about":[{"href":"https:\/\/prawitz.de\/en\/wp-json\/wp\/v2\/types\/page"}],"author":[{"embeddable":true,"href":"https:\/\/prawitz.de\/en\/wp-json\/wp\/v2\/users\/1"}],"replies":[{"embeddable":true,"href":"https:\/\/prawitz.de\/en\/wp-json\/wp\/v2\/comments?post=10634"}],"version-history":[{"count":33,"href":"https:\/\/prawitz.de\/en\/wp-json\/wp\/v2\/pages\/10634\/revisions"}],"predecessor-version":[{"id":28352,"href":"https:\/\/prawitz.de\/en\/wp-json\/wp\/v2\/pages\/10634\/revisions\/28352"}],"wp:attachment":[{"href":"https:\/\/prawitz.de\/en\/wp-json\/wp\/v2\/media?parent=10634"}],"curies":[{"name":"wp","href":"https:\/\/api.w.org\/{rel}","templated":true}]}}