{"id":10631,"date":"2025-05-05T20:51:47","date_gmt":"2025-05-05T20:51:47","guid":{"rendered":"https:\/\/prawitz.de\/?page_id=10631"},"modified":"2026-02-18T21:44:22","modified_gmt":"2026-02-18T21:44:22","slug":"stornierung_ruecksendung","status":"publish","type":"page","link":"https:\/\/prawitz.de\/en\/stornierung_ruecksendung\/","title":{"rendered":"Stornierung und R\u00fccksendung"},"content":{"rendered":"<div data-elementor-type=\"wp-page\" data-elementor-id=\"10631\" class=\"elementor elementor-10631\" data-elementor-post-type=\"page\">\n\t\t\t\t<div class=\"elementor-element elementor-element-7bfce14 e-flex e-con-boxed e-con e-parent\" data-id=\"7bfce14\" data-element_type=\"container\" data-e-type=\"container\">\n\t\t\t\t\t<div class=\"e-con-inner\">\n\t\t<div class=\"elementor-element elementor-element-ede33ca e-flex e-con-boxed e-con e-child\" data-id=\"ede33ca\" data-element_type=\"container\" data-e-type=\"container\">\n\t\t\t\t\t<div class=\"e-con-inner\">\n\t\t\t\t<div class=\"elementor-element elementor-element-a437ae6 elementor-widget elementor-widget-heading\" data-id=\"a437ae6\" data-element_type=\"widget\" data-e-type=\"widget\" data-widget_type=\"heading.default\">\n\t\t\t\t<div class=\"elementor-widget-container\">\n\t\t\t\t\t<h1 class=\"elementor-heading-title elementor-size-default\">Cancellation \/ Returns<\/h1>\t\t\t\t<\/div>\n\t\t\t\t<\/div>\n\t\t\t\t\t<\/div>\n\t\t\t\t<\/div>\n\t\t\t\t\t<\/div>\n\t\t\t\t<\/div>\n\t\t<div class=\"elementor-element elementor-element-fd2b046 e-con-full e-flex e-con e-parent\" data-id=\"fd2b046\" data-element_type=\"container\" data-e-type=\"container\">\n\t\t<div class=\"elementor-element elementor-element-97dbc4e e-flex e-con-boxed e-con e-child\" data-id=\"97dbc4e\" data-element_type=\"container\" data-e-type=\"container\">\n\t\t\t\t\t<div class=\"e-con-inner\">\n\t\t\t\t<div class=\"elementor-element elementor-element-0440c1c elementor-widget elementor-widget-text-editor\" data-id=\"0440c1c\" data-element_type=\"widget\" data-e-type=\"widget\" data-widget_type=\"text-editor.default\">\n\t\t\t\t<div class=\"elementor-widget-container\">\n\t\t\t\t\t\t\t\t\t<p><span style=\"font-family: Actor;\">In order to keep delivery times as short as possible, your order will be put into production immediately upon receipt. Therefore, subsequent changes or cancellations are unfortunately not possible.<\/span><\/p><p>Please also note that products from Tatjana Prawitz \u2013 Fine Art Photography are custom-made products manufactured according to your specifications and therefore no statutory right of withdrawal applies.<\/p>\t\t\t\t\t\t\t\t<\/div>\n\t\t\t\t<\/div>\n\t\t\t\t\t<\/div>\n\t\t\t\t<\/div>\n\t\t\t\t<\/div>\n\t\t<div class=\"elementor-element elementor-element-27aeebf e-con-full e-flex e-con e-parent\" data-id=\"27aeebf\" data-element_type=\"container\" data-e-type=\"container\">\n\t\t<div class=\"elementor-element elementor-element-e085085 e-flex e-con-boxed e-con e-child\" data-id=\"e085085\" data-element_type=\"container\" data-e-type=\"container\">\n\t\t\t\t\t<div class=\"e-con-inner\">\n\t\t\t\t<div class=\"elementor-element elementor-element-ad7a108 elementor-widget elementor-widget-text-editor\" data-id=\"ad7a108\" data-element_type=\"widget\" data-e-type=\"widget\" data-widget_type=\"text-editor.default\">\n\t\t\t\t<div class=\"elementor-widget-container\">\n\t\t\t\t\t\t\t\t\t<p><span style=\"font-family: Actor;\">The satisfaction of my customers is, of course, very important to me. If you are completely dissatisfied with the photo product you have ordered, please do not return it without consulting me first. In this case, please send me <span style=\"font-family: Actor;\">an email to <em><a href=\"mailto:info@prawitz.de\">info@prawitz.de<\/a><\/em> , <\/span>with a brief explanation of why you wish to return the product. You are welcome to include a few sample photos of the product you received.<\/span><\/p>\t\t\t\t\t\t\t\t<\/div>\n\t\t\t\t<\/div>\n\t\t\t\t\t<\/div>\n\t\t\t\t<\/div>\n\t\t\t\t<\/div>\n\t\t<div class=\"elementor-element elementor-element-bb6dde3 e-flex e-con-boxed e-con e-parent\" data-id=\"bb6dde3\" data-element_type=\"container\" data-e-type=\"container\">\n\t\t\t\t\t<div class=\"e-con-inner\">\n\t\t\t\t\t<\/div>\n\t\t\t\t<\/div>\n\t\t<div class=\"elementor-element elementor-element-43e4cee e-flex e-con-boxed e-con e-parent\" data-id=\"43e4cee\" data-element_type=\"container\" data-e-type=\"container\">\n\t\t\t\t\t<div class=\"e-con-inner\">\n\t\t<div class=\"elementor-element elementor-element-64e5071 e-con-full e-flex e-con e-child\" data-id=\"64e5071\" data-element_type=\"container\" data-e-type=\"container\">\n\t\t\t\t<div class=\"elementor-element elementor-element-bf2b733 elementor-widget elementor-widget-spacer\" data-id=\"bf2b733\" data-element_type=\"widget\" data-e-type=\"widget\" data-widget_type=\"spacer.default\">\n\t\t\t\t<div class=\"elementor-widget-container\">\n\t\t\t\t\t\t\t<div class=\"elementor-spacer\">\n\t\t\t<div class=\"elementor-spacer-inner\"><\/div>\n\t\t<\/div>\n\t\t\t\t\t\t<\/div>\n\t\t\t\t<\/div>\n\t\t\t\t<\/div>\n\t\t\t\t\t<\/div>\n\t\t\t\t<\/div>\n\t\t\t\t<\/div>","protected":false},"excerpt":{"rendered":"<p>Stornierung \/ R\u00fccksendung Um die Lieferzeiten so kurz wie m\u00f6glich zu halten, wird Ihre Bestellung sofort nach Eingang in Produktion gegeben. Daher sind nachtr\u00e4gliche \u00c4nderungen oder eine Stornierung leider nicht m\u00f6glich. Bitte beachten Sie auch, dass Produkte von Tatjana Prawitz &#8211; Fine Art Photography nach Ihren Spezifikationen individuell angefertigte Produkte darstellen und somit kein gesetzliches [&hellip;]<\/p>\n","protected":false},"author":1,"featured_media":0,"parent":0,"menu_order":0,"comment_status":"closed","ping_status":"closed","template":"","meta":{"footnotes":""},"class_list":["post-10631","page","type-page","status-publish","hentry"],"yoast_head":"<!-- This site is optimized with the Yoast SEO plugin v27.2 - https:\/\/yoast.com\/product\/yoast-seo-wordpress\/ -->\n<title>Stornierung und R\u00fccksendung | Shop | Tatjana Prawitz<\/title>\n<meta name=\"description\" content=\"Hier finden Sie die Infos zur Stornierung und R\u00fccksendung von Produkten aus dem Bildershop von Tatjana Prawitz - Fine Art Photography.\" \/>\n<meta name=\"robots\" content=\"noindex, nofollow\" \/>\n<meta property=\"og:locale\" content=\"en_GB\" \/>\n<meta property=\"og:type\" content=\"article\" \/>\n<meta property=\"og:title\" content=\"Stornierung und R\u00fccksendung | Shop | Tatjana Prawitz\" \/>\n<meta property=\"og:description\" content=\"Hier finden Sie die Infos zur Stornierung und R\u00fccksendung von Produkten aus dem Bildershop von Tatjana Prawitz - Fine Art Photography.\" \/>\n<meta property=\"og:url\" content=\"https:\/\/prawitz.de\/en\/stornierung_ruecksendung\/\" \/>\n<meta property=\"og:site_name\" content=\"Tatjana Prawitz\" \/>\n<meta property=\"article:modified_time\" content=\"2026-02-18T21:44:22+00:00\" \/>\n<meta name=\"twitter:card\" content=\"summary_large_image\" \/>\n<meta name=\"twitter:label1\" content=\"Estimated reading time\" \/>\n\t<meta name=\"twitter:data1\" content=\"1 minute\" \/>\n<script type=\"application\/ld+json\" class=\"yoast-schema-graph\">{\"@context\":\"https:\/\/schema.org\",\"@graph\":[{\"@type\":\"WebPage\",\"@id\":\"https:\/\/prawitz.de\/stornierung_ruecksendung\/\",\"url\":\"https:\/\/prawitz.de\/stornierung_ruecksendung\/\",\"name\":\"Stornierung und R\u00fccksendung | Shop | Tatjana Prawitz\",\"isPartOf\":{\"@id\":\"https:\/\/prawitz.de\/#website\"},\"datePublished\":\"2025-05-05T20:51:47+00:00\",\"dateModified\":\"2026-02-18T21:44:22+00:00\",\"description\":\"Hier finden Sie die Infos zur Stornierung und R\u00fccksendung von Produkten aus dem Bildershop von Tatjana Prawitz - Fine Art Photography.\",\"breadcrumb\":{\"@id\":\"https:\/\/prawitz.de\/stornierung_ruecksendung\/#breadcrumb\"},\"inLanguage\":\"en-GB\",\"potentialAction\":[{\"@type\":\"ReadAction\",\"target\":[\"https:\/\/prawitz.de\/stornierung_ruecksendung\/\"]}]},{\"@type\":\"BreadcrumbList\",\"@id\":\"https:\/\/prawitz.de\/stornierung_ruecksendung\/#breadcrumb\",\"itemListElement\":[{\"@type\":\"ListItem\",\"position\":1,\"name\":\"Startseite\",\"item\":\"https:\/\/prawitz.de\/\"},{\"@type\":\"ListItem\",\"position\":2,\"name\":\"Stornierung und R\u00fccksendung\"}]},{\"@type\":\"WebSite\",\"@id\":\"https:\/\/prawitz.de\/#website\",\"url\":\"https:\/\/prawitz.de\/\",\"name\":\"Tatjana Prawitz\",\"description\":\"Fine Art Photography\",\"publisher\":{\"@id\":\"https:\/\/prawitz.de\/#organization\"},\"potentialAction\":[{\"@type\":\"SearchAction\",\"target\":{\"@type\":\"EntryPoint\",\"urlTemplate\":\"https:\/\/prawitz.de\/?s={search_term_string}\"},\"query-input\":{\"@type\":\"PropertyValueSpecification\",\"valueRequired\":true,\"valueName\":\"search_term_string\"}}],\"inLanguage\":\"en-GB\"},{\"@type\":\"Organization\",\"@id\":\"https:\/\/prawitz.de\/#organization\",\"name\":\"Tatjana Prawitz\",\"url\":\"https:\/\/prawitz.de\/\",\"logo\":{\"@type\":\"ImageObject\",\"inLanguage\":\"en-GB\",\"@id\":\"https:\/\/prawitz.de\/#\/schema\/logo\/image\/\",\"url\":\"https:\/\/prawitz.de\/wp-content\/uploads\/2020\/09\/Josefin-Sans_regular.png\",\"contentUrl\":\"https:\/\/prawitz.de\/wp-content\/uploads\/2020\/09\/Josefin-Sans_regular.png\",\"width\":1600,\"height\":230,\"caption\":\"Tatjana Prawitz\"},\"image\":{\"@id\":\"https:\/\/prawitz.de\/#\/schema\/logo\/image\/\"}}]}<\/script>\n<!-- \/ Yoast SEO plugin. -->","yoast_head_json":{"title":"Stornierung und R\u00fccksendung | Shop | Tatjana Prawitz","description":"Hier finden Sie die Infos zur Stornierung und R\u00fccksendung von Produkten aus dem Bildershop von Tatjana Prawitz - Fine Art Photography.","robots":{"index":"noindex","follow":"nofollow"},"og_locale":"en_GB","og_type":"article","og_title":"Stornierung und R\u00fccksendung | Shop | Tatjana Prawitz","og_description":"Hier finden Sie die Infos zur Stornierung und R\u00fccksendung von Produkten aus dem Bildershop von Tatjana Prawitz - Fine Art Photography.","og_url":"https:\/\/prawitz.de\/en\/stornierung_ruecksendung\/","og_site_name":"Tatjana Prawitz","article_modified_time":"2026-02-18T21:44:22+00:00","twitter_card":"summary_large_image","twitter_misc":{"Estimated reading time":"1 minute"},"schema":{"@context":"https:\/\/schema.org","@graph":[{"@type":"WebPage","@id":"https:\/\/prawitz.de\/stornierung_ruecksendung\/","url":"https:\/\/prawitz.de\/stornierung_ruecksendung\/","name":"Stornierung und R\u00fccksendung | Shop | Tatjana Prawitz","isPartOf":{"@id":"https:\/\/prawitz.de\/#website"},"datePublished":"2025-05-05T20:51:47+00:00","dateModified":"2026-02-18T21:44:22+00:00","description":"Hier finden Sie die Infos zur Stornierung und R\u00fccksendung von Produkten aus dem Bildershop von Tatjana Prawitz - Fine Art Photography.","breadcrumb":{"@id":"https:\/\/prawitz.de\/stornierung_ruecksendung\/#breadcrumb"},"inLanguage":"en-GB","potentialAction":[{"@type":"ReadAction","target":["https:\/\/prawitz.de\/stornierung_ruecksendung\/"]}]},{"@type":"BreadcrumbList","@id":"https:\/\/prawitz.de\/stornierung_ruecksendung\/#breadcrumb","itemListElement":[{"@type":"ListItem","position":1,"name":"Startseite","item":"https:\/\/prawitz.de\/"},{"@type":"ListItem","position":2,"name":"Stornierung und R\u00fccksendung"}]},{"@type":"WebSite","@id":"https:\/\/prawitz.de\/#website","url":"https:\/\/prawitz.de\/","name":"Tatjana Prawitz","description":"Fine Art Photography","publisher":{"@id":"https:\/\/prawitz.de\/#organization"},"potentialAction":[{"@type":"SearchAction","target":{"@type":"EntryPoint","urlTemplate":"https:\/\/prawitz.de\/?s={search_term_string}"},"query-input":{"@type":"PropertyValueSpecification","valueRequired":true,"valueName":"search_term_string"}}],"inLanguage":"en-GB"},{"@type":"Organization","@id":"https:\/\/prawitz.de\/#organization","name":"Tatjana Prawitz","url":"https:\/\/prawitz.de\/","logo":{"@type":"ImageObject","inLanguage":"en-GB","@id":"https:\/\/prawitz.de\/#\/schema\/logo\/image\/","url":"https:\/\/prawitz.de\/wp-content\/uploads\/2020\/09\/Josefin-Sans_regular.png","contentUrl":"https:\/\/prawitz.de\/wp-content\/uploads\/2020\/09\/Josefin-Sans_regular.png","width":1600,"height":230,"caption":"Tatjana Prawitz"},"image":{"@id":"https:\/\/prawitz.de\/#\/schema\/logo\/image\/"}}]}},"_links":{"self":[{"href":"https:\/\/prawitz.de\/en\/wp-json\/wp\/v2\/pages\/10631","targetHints":{"allow":["GET"]}}],"collection":[{"href":"https:\/\/prawitz.de\/en\/wp-json\/wp\/v2\/pages"}],"about":[{"href":"https:\/\/prawitz.de\/en\/wp-json\/wp\/v2\/types\/page"}],"author":[{"embeddable":true,"href":"https:\/\/prawitz.de\/en\/wp-json\/wp\/v2\/users\/1"}],"replies":[{"embeddable":true,"href":"https:\/\/prawitz.de\/en\/wp-json\/wp\/v2\/comments?post=10631"}],"version-history":[{"count":57,"href":"https:\/\/prawitz.de\/en\/wp-json\/wp\/v2\/pages\/10631\/revisions"}],"predecessor-version":[{"id":28365,"href":"https:\/\/prawitz.de\/en\/wp-json\/wp\/v2\/pages\/10631\/revisions\/28365"}],"wp:attachment":[{"href":"https:\/\/prawitz.de\/en\/wp-json\/wp\/v2\/media?parent=10631"}],"curies":[{"name":"wp","href":"https:\/\/api.w.org\/{rel}","templated":true}]}}